{"id":1433,"date":"2020-12-07T02:21:16","date_gmt":"2020-12-07T02:21:16","guid":{"rendered":"https:\/\/ninetheme.com\/themes\/agrikon\/?page_id=1433"},"modified":"2023-03-09T16:04:00","modified_gmt":"2023-03-09T16:04:00","slug":"tomaten-paprikamark","status":"publish","type":"page","link":"https:\/\/ozantep.de\/tr\/tomaten-paprikamark\/","title":{"rendered":"Sal\u00e7a"},"content":{"rendered":"\t\t<div data-elementor-type=\"wp-page\" data-elementor-id=\"1433\" class=\"elementor elementor-1433\">\n\t\t\t\t\t\t\t\t\t<div class=\"elementor-section elementor-top-section elementor-element elementor-element-c8315a4 elementor-section-full_width elementor-section-height-default elementor-section-height-default nt-section-ripped-top ripped-top-no nt-section-ripped-bottom ripped-bottom-no\" data-id=\"c8315a4\" data-element_type=\"section\">\n\t\t\t\t\t\t<div class=\"elementor-container elementor-column-gap-no\">\n\t\t\t\t\t<div class=\"elementor-column elementor-col-100 elementor-top-column elementor-element elementor-element-5a27a41\" data-id=\"5a27a41\" data-element_type=\"column\">\n\t\t\t<div class=\"elementor-widget-wrap elementor-element-populated\">\n\t\t\t\t\t\t\t\t<div class=\"elementor-element elementor-element-4e5250b elementor-widget elementor-widget-agrikon-page-hero\" data-id=\"4e5250b\" data-element_type=\"widget\" data-widget_type=\"agrikon-page-hero.default\">\n\t\t\t\t<div class=\"elementor-widget-container\">\n\t\t\t<div class=\"page-header\"><div class=\"page-header__bg\"><\/div><div class=\"container\"><div aria-label=\"Breadcrumbs\" class=\"breadcrumb-trail breadcrumbs\"><ul class=\"breadcrumbs thm-breadcrumb list-unstyled\"><li  class=\"trail-item breadcrumb_item trail-end breadcrumb_active\"><a href=\"https:\/\/ozantep.de\/tr\/\" rel=\"home\" itemprop=\"item\"><span>Home<\/span><\/a><\/li><\/ul><\/div><h2 class=\"page-title\">Tomaten-Paprikamark<\/h2><\/div><\/div>\t\t<\/div>\n\t\t\t\t<\/div>\n\t\t\t\t\t<\/div>\n\t\t<\/div>\n\t\t\t\t\t\t\t<\/div>\n\t\t<\/div>\n\t\t\t\t<div class=\"elementor-section elementor-top-section elementor-element elementor-element-2472444 elementor-section-boxed elementor-section-height-default elementor-section-height-default nt-section-ripped-top ripped-top-no nt-section-ripped-bottom ripped-bottom-no\" data-id=\"2472444\" data-element_type=\"section\">\n\t\t\t\t\t\t<div class=\"elementor-container elementor-column-gap-no\">\n\t\t\t\t\t<div class=\"elementor-column elementor-col-33 elementor-top-column elementor-element elementor-element-59d7fa6\" data-id=\"59d7fa6\" data-element_type=\"column\" data-settings=\"{&quot;background_background&quot;:&quot;classic&quot;}\">\n\t\t\t<div class=\"elementor-widget-wrap elementor-element-populated\">\n\t\t\t\t\t\t\t\t<div class=\"elementor-section elementor-inner-section elementor-element elementor-element-2a646ad elementor-section-boxed elementor-section-height-default elementor-section-height-default nt-section-ripped-top ripped-top-no nt-section-ripped-bottom ripped-bottom-no\" data-id=\"2a646ad\" data-element_type=\"section\" data-settings=\"{&quot;background_background&quot;:&quot;classic&quot;}\">\n\t\t\t\t\t\t<div class=\"elementor-container elementor-column-gap-default\">\n\t\t\t\t\t<div class=\"elementor-column elementor-col-100 elementor-inner-column elementor-element elementor-element-283484c\" data-id=\"283484c\" data-element_type=\"column\">\n\t\t\t<div class=\"elementor-widget-wrap elementor-element-populated\">\n\t\t\t\t\t\t\t\t<div class=\"elementor-element elementor-element-6a52d4d agrikon-transform transform-type-translate elementor-widget elementor-widget-heading\" data-id=\"6a52d4d\" data-element_type=\"widget\" data-widget_type=\"heading.default\">\n\t\t\t\t<div class=\"elementor-widget-container\">\n\t\t\t<style>\/*! elementor - v3.10.0 - 09-01-2023 *\/\n.elementor-heading-title{padding:0;margin:0;line-height:1}.elementor-widget-heading .elementor-heading-title[class*=elementor-size-]>a{color:inherit;font-size:inherit;line-height:inherit}.elementor-widget-heading .elementor-heading-title.elementor-size-small{font-size:15px}.elementor-widget-heading .elementor-heading-title.elementor-size-medium{font-size:19px}.elementor-widget-heading .elementor-heading-title.elementor-size-large{font-size:29px}.elementor-widget-heading .elementor-heading-title.elementor-size-xl{font-size:39px}.elementor-widget-heading .elementor-heading-title.elementor-size-xxl{font-size:59px}<\/style><div class=\"elementor-heading-title elementor-size-default\"><a href=\"https:\/\/ozantep.de\/produktkategorie\/gewurzpasten\">Gew\u00fcrzpasten<\/a><\/div>\t\t<\/div>\n\t\t\t\t<\/div>\n\t\t\t\t<div class=\"elementor-element elementor-element-bd29f1f agrikon-transform transform-type-translate elementor-widget elementor-widget-heading\" data-id=\"bd29f1f\" data-element_type=\"widget\" data-widget_type=\"heading.default\">\n\t\t\t\t<div class=\"elementor-widget-container\">\n\t\t\t<div class=\"elementor-heading-title elementor-size-default\"><a href=\"https:\/\/ozantep.de\/produktkategorie\/gewurze\">Gew\u00fcrze<\/a><\/div>\t\t<\/div>\n\t\t\t\t<\/div>\n\t\t\t\t<div class=\"elementor-element elementor-element-8d4c64b agrikon-transform transform-type-translate elementor-widget elementor-widget-heading\" data-id=\"8d4c64b\" data-element_type=\"widget\" data-widget_type=\"heading.default\">\n\t\t\t\t<div class=\"elementor-widget-container\">\n\t\t\t<div class=\"elementor-heading-title elementor-size-default\"><a href=\"https:\/\/ozantep.de\/produktkategorie\/gewurzmischungen\">Gew\u00fcrzmischungen<\/a><\/div>\t\t<\/div>\n\t\t\t\t<\/div>\n\t\t\t\t<div class=\"elementor-element elementor-element-dde2fdd agrikon-transform transform-type-translate elementor-widget elementor-widget-heading\" data-id=\"dde2fdd\" data-element_type=\"widget\" data-widget_type=\"heading.default\">\n\t\t\t\t<div class=\"elementor-widget-container\">\n\t\t\t<div class=\"elementor-heading-title elementor-size-default\"><a href=\"https:\/\/ozantep.de\/produktkategorie\/trockengemuse\">Trockengem\u00fcse<\/a><\/div>\t\t<\/div>\n\t\t\t\t<\/div>\n\t\t\t\t<div class=\"elementor-element elementor-element-a696b7e agrikon-transform transform-type-translate elementor-widget elementor-widget-heading\" data-id=\"a696b7e\" data-element_type=\"widget\" data-widget_type=\"heading.default\">\n\t\t\t\t<div class=\"elementor-widget-container\">\n\t\t\t<div class=\"elementor-heading-title elementor-size-default\"><a href=\"https:\/\/ozantep.de\/produktkategorie\/granatapfelsirup\">Granatapfelsirup<\/a><\/div>\t\t<\/div>\n\t\t\t\t<\/div>\n\t\t\t\t\t<\/div>\n\t\t<\/div>\n\t\t\t\t\t\t\t<\/div>\n\t\t<\/div>\n\t\t\t\t<div class=\"elementor-section elementor-inner-section elementor-element elementor-element-d821553 elementor-section-boxed elementor-section-height-default elementor-section-height-default nt-section-ripped-top ripped-top-no nt-section-ripped-bottom ripped-bottom-no\" data-id=\"d821553\" data-element_type=\"section\" data-settings=\"{&quot;background_background&quot;:&quot;classic&quot;}\">\n\t\t\t\t\t\t\t<div class=\"elementor-background-overlay\"><\/div>\n\t\t\t\t\t\t\t<div class=\"elementor-container elementor-column-gap-no\">\n\t\t\t\t\t<div class=\"elementor-column elementor-col-100 elementor-inner-column elementor-element elementor-element-2f55d38\" data-id=\"2f55d38\" data-element_type=\"column\">\n\t\t\t<div class=\"elementor-widget-wrap elementor-element-populated\">\n\t\t\t\t\t\t\t\t<div class=\"elementor-element elementor-element-4aa30c6 agrikon-transform transform-type-translate elementor-widget elementor-widget-heading\" data-id=\"4aa30c6\" data-element_type=\"widget\" data-widget_type=\"heading.default\">\n\t\t\t\t<div class=\"elementor-widget-container\">\n\t\t\t<h3 class=\"elementor-heading-title elementor-size-default\">\u201eSal\u00e7a\u201c\nhochwertig & handverlesen\n<\/h3>\t\t<\/div>\n\t\t\t\t<\/div>\n\t\t\t\t\t<\/div>\n\t\t<\/div>\n\t\t\t\t\t\t\t<\/div>\n\t\t<\/div>\n\t\t\t\t<div class=\"elementor-section elementor-inner-section elementor-element elementor-element-93ad949 elementor-section-boxed elementor-section-height-default elementor-section-height-default nt-section-ripped-top ripped-top-no nt-section-ripped-bottom ripped-bottom-no\" data-id=\"93ad949\" data-element_type=\"section\" data-settings=\"{&quot;background_background&quot;:&quot;classic&quot;}\">\n\t\t\t\t\t\t\t<div class=\"elementor-background-overlay\"><\/div>\n\t\t\t\t\t\t\t<div class=\"elementor-container elementor-column-gap-no\">\n\t\t\t\t\t<div class=\"elementor-column elementor-col-100 elementor-inner-column elementor-element elementor-element-197ebf9\" data-id=\"197ebf9\" data-element_type=\"column\">\n\t\t\t<div class=\"elementor-widget-wrap elementor-element-populated\">\n\t\t\t\t\t\t\t\t<div class=\"elementor-element elementor-element-72732df agrikon-transform transform-type-translate elementor-widget elementor-widget-heading\" data-id=\"72732df\" data-element_type=\"widget\" data-widget_type=\"heading.default\">\n\t\t\t\t<div class=\"elementor-widget-container\">\n\t\t\t<h3 class=\"elementor-heading-title elementor-size-default\">Das gewisse\nExtra an Geschmack &\nAromen \n\n<\/h3>\t\t<\/div>\n\t\t\t\t<\/div>\n\t\t\t\t\t<\/div>\n\t\t<\/div>\n\t\t\t\t\t\t\t<\/div>\n\t\t<\/div>\n\t\t\t\t\t<\/div>\n\t\t<\/div>\n\t\t\t\t<div class=\"elementor-column elementor-col-66 elementor-top-column elementor-element elementor-element-b32df19\" data-id=\"b32df19\" data-element_type=\"column\">\n\t\t\t<div class=\"elementor-widget-wrap elementor-element-populated\">\n\t\t\t\t\t\t\t\t<div class=\"elementor-element elementor-element-42d1828 elementor-widget elementor-widget-image\" data-id=\"42d1828\" data-element_type=\"widget\" data-widget_type=\"image.default\">\n\t\t\t\t<div class=\"elementor-widget-container\">\n\t\t\t<style>\/*! elementor - v3.10.0 - 09-01-2023 *\/\n.elementor-widget-image{text-align:center}.elementor-widget-image a{display:inline-block}.elementor-widget-image a img[src$=\".svg\"]{width:48px}.elementor-widget-image img{vertical-align:middle;display:inline-block}<\/style>\t\t\t\t\t\t\t\t\t\t\t\t<img loading=\"lazy\" decoding=\"async\" width=\"768\" height=\"431\" src=\"https:\/\/ozantep.de\/wp-content\/uploads\/2023\/02\/oz-antep-gewurzpasten-05-768x431.jpg\" class=\"attachment-medium_large size-medium_large wp-image-4902\" alt=\"\" srcset=\"https:\/\/ozantep.de\/wp-content\/uploads\/2023\/02\/oz-antep-gewurzpasten-05-768x431.jpg 768w, https:\/\/ozantep.de\/wp-content\/uploads\/2023\/02\/oz-antep-gewurzpasten-05-300x168.jpg 300w, https:\/\/ozantep.de\/wp-content\/uploads\/2023\/02\/oz-antep-gewurzpasten-05.jpg 770w\" sizes=\"auto, (max-width: 768px) 100vw, 768px\" \/>\t\t\t\t\t\t\t\t\t\t\t\t\t\t\t<\/div>\n\t\t\t\t<\/div>\n\t\t\t\t<div class=\"elementor-element elementor-element-cb579e0 agrikon-transform transform-type-translate elementor-widget elementor-widget-heading\" data-id=\"cb579e0\" data-element_type=\"widget\" data-widget_type=\"heading.default\">\n\t\t\t\t<div class=\"elementor-widget-container\">\n\t\t\t<h2 class=\"elementor-heading-title elementor-size-default\">Die Gew\u00fcrzpaste \u201eSal\u00e7a\u201c: Das rote Gold der Antep-K\u00fcche\n<\/h2>\t\t<\/div>\n\t\t\t\t<\/div>\n\t\t\t\t<div class=\"elementor-element elementor-element-d588f0c elementor-widget elementor-widget-text-editor\" data-id=\"d588f0c\" data-element_type=\"widget\" data-widget_type=\"text-editor.default\">\n\t\t\t\t<div class=\"elementor-widget-container\">\n\t\t\t<style>\/*! elementor - v3.10.0 - 09-01-2023 *\/\n.elementor-widget-text-editor.elementor-drop-cap-view-stacked .elementor-drop-cap{background-color:#818a91;color:#fff}.elementor-widget-text-editor.elementor-drop-cap-view-framed .elementor-drop-cap{color:#818a91;border:3px solid;background-color:transparent}.elementor-widget-text-editor:not(.elementor-drop-cap-view-default) .elementor-drop-cap{margin-top:8px}.elementor-widget-text-editor:not(.elementor-drop-cap-view-default) .elementor-drop-cap-letter{width:1em;height:1em}.elementor-widget-text-editor .elementor-drop-cap{float:left;text-align:center;line-height:1;font-size:50px}.elementor-widget-text-editor .elementor-drop-cap-letter{display:inline-block}<\/style>\t\t\t\t<p>Die t\u00fcrkische Gew\u00fcrzpaste &#8216;Sal\u00e7a&#8217; ist das Herzblut der t\u00fcrkischen K\u00fcche und ein unentbehrlicher Bestandteil, insbesondere in der traditionellen Antep-K\u00fcche. Sie verleiht Gerichten wie Eint\u00f6pfe, K\u00f6fte oder Sarma ihren unverwechselbaren Geschmack und ihre charakteristische Farbe. <\/p>\t\t\t\t\t\t<\/div>\n\t\t\t\t<\/div>\n\t\t\t\t<div class=\"elementor-element elementor-element-7b74f55 elementor-widget elementor-widget-text-editor\" data-id=\"7b74f55\" data-element_type=\"widget\" data-widget_type=\"text-editor.default\">\n\t\t\t\t<div class=\"elementor-widget-container\">\n\t\t\t\t\t\t\t<ul class=\"service-details__list list-unstyled\"><li><i class=\"agrikon-icon-right-arrow\"><\/i><br \/><strong>Unsere Tomatenpasten<\/strong> mit sommerlichen Farben und kr\u00e4ftig aromatischem Duft verleihen Ihren Speisen das gewisse Extra an Geschmack und Aroma. <\/li><li><i class=\"agrikon-icon-right-arrow\"><\/i><br \/><strong>Unsere Paprikapasten<\/strong> verleihen Ihren Speisen eine extra Portion Geschmack und W\u00fcrze. Ein Muss f\u00fcr alle, die ihre Gerichte aufpeppen m\u00f6chten. <br \/><br \/><\/li><\/ul>\t\t\t\t\t\t<\/div>\n\t\t\t\t<\/div>\n\t\t\t\t<div class=\"elementor-element elementor-element-fcdc28f agrikon-transform transform-type-translate elementor-widget elementor-widget-heading\" data-id=\"fcdc28f\" data-element_type=\"widget\" data-widget_type=\"heading.default\">\n\t\t\t\t<div class=\"elementor-widget-container\">\n\t\t\t<h2 class=\"elementor-heading-title elementor-size-default\">Sommerliche Farben und Aromen f\u00fcr pers\u00f6nliche Geschmacksnote\n<\/h2>\t\t<\/div>\n\t\t\t\t<\/div>\n\t\t\t\t<div class=\"elementor-element elementor-element-232230c elementor-widget elementor-widget-text-editor\" data-id=\"232230c\" data-element_type=\"widget\" data-widget_type=\"text-editor.default\">\n\t\t\t\t<div class=\"elementor-widget-container\">\n\t\t\t\t\t\t\t<p>Es gibt verschiedene regionalen Variationen von Sal\u00e7a, die sich in den verwendeten Zutaten unterscheiden. Die g\u00e4ngigste Variante besteht haupts\u00e4chlich aus gew\u00fcrztem Tomatenmark oder Paprikamark, w\u00e4hrend eine andere beliebte Variante eine Melange aus Tomaten- und Paprikamark beinhaltet. <\/p>\t\t\t\t\t\t<\/div>\n\t\t\t\t<\/div>\n\t\t\t\t<div class=\"elementor-element elementor-element-48a0f61 elementor-widget elementor-widget-text-editor\" data-id=\"48a0f61\" data-element_type=\"widget\" data-widget_type=\"text-editor.default\">\n\t\t\t\t<div class=\"elementor-widget-container\">\n\t\t\t\t\t\t\t<div class=\"special-box\">Eine Armee von K\u00f6chen, aber ohne Gew\u00fcrzpaste, ist wie ein Orchester ohne Musik. <\/div>\t\t\t\t\t\t<\/div>\n\t\t\t\t<\/div>\n\t\t\t\t<div class=\"elementor-section elementor-inner-section elementor-element elementor-element-e4e243c elementor-section-content-middle elementor-section-boxed elementor-section-height-default elementor-section-height-default nt-section-ripped-top ripped-top-no nt-section-ripped-bottom ripped-bottom-no\" data-id=\"e4e243c\" data-element_type=\"section\">\n\t\t\t\t\t\t<div class=\"elementor-container elementor-column-gap-no\">\n\t\t\t\t\t<div class=\"elementor-column elementor-col-50 elementor-inner-column elementor-element elementor-element-b8aab59\" data-id=\"b8aab59\" data-element_type=\"column\">\n\t\t\t<div class=\"elementor-widget-wrap elementor-element-populated\">\n\t\t\t\t\t\t\t\t<div class=\"elementor-element elementor-element-a6fe582 elementor-widget elementor-widget-image\" data-id=\"a6fe582\" data-element_type=\"widget\" data-widget_type=\"image.default\">\n\t\t\t\t<div class=\"elementor-widget-container\">\n\t\t\t\t\t\t\t\t\t\t\t\t\t\t\t<img loading=\"lazy\" decoding=\"async\" width=\"370\" height=\"252\" src=\"https:\/\/ozantep.de\/wp-content\/uploads\/2023\/02\/oz-antep-gewurzpasten-07.jpg\" class=\"attachment-agrikon-square size-agrikon-square wp-image-4906\" alt=\"\" srcset=\"https:\/\/ozantep.de\/wp-content\/uploads\/2023\/02\/oz-antep-gewurzpasten-07.jpg 370w, https:\/\/ozantep.de\/wp-content\/uploads\/2023\/02\/oz-antep-gewurzpasten-07-300x204.jpg 300w\" sizes=\"auto, (max-width: 370px) 100vw, 370px\" \/>\t\t\t\t\t\t\t\t\t\t\t\t\t\t\t<\/div>\n\t\t\t\t<\/div>\n\t\t\t\t\t<\/div>\n\t\t<\/div>\n\t\t\t\t<div class=\"elementor-column elementor-col-50 elementor-inner-column elementor-element elementor-element-0b1f3ea\" data-id=\"0b1f3ea\" data-element_type=\"column\">\n\t\t\t<div class=\"elementor-widget-wrap elementor-element-populated\">\n\t\t\t\t\t\t\t\t<div class=\"elementor-element elementor-element-7732423 agrikon-transform transform-type-translate elementor-widget elementor-widget-heading\" data-id=\"7732423\" data-element_type=\"widget\" data-widget_type=\"heading.default\">\n\t\t\t\t<div class=\"elementor-widget-container\">\n\t\t\t<h4 class=\"elementor-heading-title elementor-size-default\">Einsatzbereiche<\/h4>\t\t<\/div>\n\t\t\t\t<\/div>\n\t\t\t\t<div class=\"elementor-element elementor-element-dd9de4d elementor-align-left elementor-icon-list--layout-traditional elementor-list-item-link-full_width elementor-widget elementor-widget-icon-list\" data-id=\"dd9de4d\" data-element_type=\"widget\" data-widget_type=\"icon-list.default\">\n\t\t\t\t<div class=\"elementor-widget-container\">\n\t\t\t<link rel=\"stylesheet\" href=\"https:\/\/ozantep.de\/wp-content\/plugins\/elementor\/assets\/css\/widget-icon-list.min.css\">\t\t<ul class=\"elementor-icon-list-items\">\n\t\t\t\t\t\t\t<li class=\"elementor-icon-list-item\">\n\t\t\t\t\t\t\t\t\t\t\t<span class=\"elementor-icon-list-icon\">\n\t\t\t\t\t\t\t<i aria-hidden=\"true\" class=\"fas fa-check-circle\"><\/i>\t\t\t\t\t\t<\/span>\n\t\t\t\t\t\t\t\t\t\t<span class=\"elementor-icon-list-text\">Marinaden<\/span>\n\t\t\t\t\t\t\t\t\t<\/li>\n\t\t\t\t\t\t\t\t<li class=\"elementor-icon-list-item\">\n\t\t\t\t\t\t\t\t\t\t\t<span class=\"elementor-icon-list-icon\">\n\t\t\t\t\t\t\t<i aria-hidden=\"true\" class=\"fas fa-check-circle\"><\/i>\t\t\t\t\t\t<\/span>\n\t\t\t\t\t\t\t\t\t\t<span class=\"elementor-icon-list-text\">Suppen und Eint\u00f6pfe<\/span>\n\t\t\t\t\t\t\t\t\t<\/li>\n\t\t\t\t\t\t\t\t<li class=\"elementor-icon-list-item\">\n\t\t\t\t\t\t\t\t\t\t\t<span class=\"elementor-icon-list-icon\">\n\t\t\t\t\t\t\t<i aria-hidden=\"true\" class=\"fas fa-check-circle\"><\/i>\t\t\t\t\t\t<\/span>\n\t\t\t\t\t\t\t\t\t\t<span class=\"elementor-icon-list-text\">Kebabs<\/span>\n\t\t\t\t\t\t\t\t\t<\/li>\n\t\t\t\t\t\t\t\t<li class=\"elementor-icon-list-item\">\n\t\t\t\t\t\t\t\t\t\t\t<span class=\"elementor-icon-list-icon\">\n\t\t\t\t\t\t\t<i aria-hidden=\"true\" class=\"fas fa-check-circle\"><\/i>\t\t\t\t\t\t<\/span>\n\t\t\t\t\t\t\t\t\t\t<span class=\"elementor-icon-list-text\">Meze und Vorspeisen<\/span>\n\t\t\t\t\t\t\t\t\t<\/li>\n\t\t\t\t\t\t\t\t<li class=\"elementor-icon-list-item\">\n\t\t\t\t\t\t\t\t\t\t\t<span class=\"elementor-icon-list-icon\">\n\t\t\t\t\t\t\t<i aria-hidden=\"true\" class=\"fas fa-check-circle\"><\/i>\t\t\t\t\t\t<\/span>\n\t\t\t\t\t\t\t\t\t\t<span class=\"elementor-icon-list-text\">Gem\u00fcsegerichte<\/span>\n\t\t\t\t\t\t\t\t\t<\/li>\n\t\t\t\t\t\t\t\t<li class=\"elementor-icon-list-item\">\n\t\t\t\t\t\t\t\t\t\t\t<span class=\"elementor-icon-list-icon\">\n\t\t\t\t\t\t\t<i aria-hidden=\"true\" class=\"fas fa-check-circle\"><\/i>\t\t\t\t\t\t<\/span>\n\t\t\t\t\t\t\t\t\t\t<span class=\"elementor-icon-list-text\">So\u00dfen und Dips<\/span>\n\t\t\t\t\t\t\t\t\t<\/li>\n\t\t\t\t\t\t<\/ul>\n\t\t\t\t<\/div>\n\t\t\t\t<\/div>\n\t\t\t\t\t<\/div>\n\t\t<\/div>\n\t\t\t\t\t\t\t<\/div>\n\t\t<\/div>\n\t\t\t\t<div class=\"elementor-element elementor-element-5ff342c agrikon-transform transform-type-translate elementor-widget elementor-widget-heading\" data-id=\"5ff342c\" data-element_type=\"widget\" data-widget_type=\"heading.default\">\n\t\t\t\t<div class=\"elementor-widget-container\">\n\t\t\t<h2 class=\"elementor-heading-title elementor-size-default\">Das Geschmackselixier der t\u00fcrkischen K\u00fcche \n<\/h2>\t\t<\/div>\n\t\t\t\t<\/div>\n\t\t\t\t<div class=\"elementor-element elementor-element-3a87e43 elementor-widget elementor-widget-text-editor\" data-id=\"3a87e43\" data-element_type=\"widget\" data-widget_type=\"text-editor.default\">\n\t\t\t\t<div class=\"elementor-widget-container\">\n\t\t\t\t\t\t\t<p>Jede Variante hat aber eins gemeinsam: Sie verleiht den Gerichten eine unverwechselbare W\u00fcrze, eine unverkennbare Farbe und einen kr\u00e4ftigen aromatischen Duft. Ohne die \u201eSal\u00e7a\u201c ist die t\u00fcrkische K\u00fcche kaum vorstellbar!<\/p>\t\t\t\t\t\t<\/div>\n\t\t\t\t<\/div>\n\t\t\t\t<div class=\"elementor-element elementor-element-2fbfdf2 agrikon-transform transform-type-translate elementor-widget elementor-widget-heading\" data-id=\"2fbfdf2\" data-element_type=\"widget\" data-widget_type=\"heading.default\">\n\t\t\t\t<div class=\"elementor-widget-container\">\n\t\t\t<h2 class=\"elementor-heading-title elementor-size-default\">\u00d6z Antep steht f\u00fcr alles, was eine echte Salca braucht\n<\/h2>\t\t<\/div>\n\t\t\t\t<\/div>\n\t\t\t\t<div class=\"elementor-element elementor-element-80a4a22 elementor-widget elementor-widget-text-editor\" data-id=\"80a4a22\" data-element_type=\"widget\" data-widget_type=\"text-editor.default\">\n\t\t\t\t<div class=\"elementor-widget-container\">\n\t\t\t\t\t\t\t<p>\u00d6z Antep bietet Ihnen eine umfangreiche Auswahl an Gew\u00fcrzpasten nach Antep Art, um Ihre pers\u00f6nlichen Geschmackspr\u00e4ferenzen zu erf\u00fcllen. Dabei achten wir auf die h\u00f6chste Qualit\u00e4t und Authentizit\u00e4t. Wir sind nicht nur stolz auf unsere Sonne, sondern auch auf unsere Partner, die in jeder Phase vom Anbau bis zur Verarbeitung die h\u00f6chsten Standards erf\u00fcllen. <\/p>\t\t\t\t\t\t<\/div>\n\t\t\t\t<\/div>\n\t\t\t\t<div class=\"elementor-element elementor-element-d1a8ef9 elementor-widget elementor-widget-text-editor\" data-id=\"d1a8ef9\" data-element_type=\"widget\" data-widget_type=\"text-editor.default\">\n\t\t\t\t<div class=\"elementor-widget-container\">\n\t\t\t\t\t\t\t<div class=\"special-box\">Gew\u00fcrzpaste ist das, was ein Gericht zum Volltreffer macht. <\/div>\t\t\t\t\t\t<\/div>\n\t\t\t\t<\/div>\n\t\t\t\t<div class=\"elementor-element elementor-element-c5649df agrikon-transform transform-type-translate elementor-widget elementor-widget-heading\" data-id=\"c5649df\" data-element_type=\"widget\" data-widget_type=\"heading.default\">\n\t\t\t\t<div class=\"elementor-widget-container\">\n\t\t\t<h2 class=\"elementor-heading-title elementor-size-default\">Bringen Sie Ihre Gerichte auf die n\u00e4chste Stufe!\n<\/h2>\t\t<\/div>\n\t\t\t\t<\/div>\n\t\t\t\t<div class=\"elementor-element elementor-element-fab79c5 elementor-widget elementor-widget-text-editor\" data-id=\"fab79c5\" data-element_type=\"widget\" data-widget_type=\"text-editor.default\">\n\t\t\t\t<div class=\"elementor-widget-container\">\n\t\t\t\t\t\t\t<p>Unsere Gew\u00fcrzpasteten sind die perfekte Wahl f\u00fcr alle, die es gerne w\u00fcrzig m\u00f6gen. Sie bestehen aus hochwertigen Gew\u00fcrzen, die zu einer feinen Paste verarbeitet werden und sind eine bequeme M\u00f6glichkeit, Gerichten schnell und einfach einen Geschmackskick zu verleihen. Ob als W\u00fcrze f\u00fcr Fleisch, Gem\u00fcse oder als Brotaufstrich \u2013 unsere Gew\u00fcrzpasteten sind vielseitig einsetzbar und eine wahre Delikatesse f\u00fcr die t\u00fcrkische K\u00fcche.<\/p>\t\t\t\t\t\t<\/div>\n\t\t\t\t<\/div>\n\t\t\t\t\t<\/div>\n\t\t<\/div>\n\t\t\t\t\t\t\t<\/div>\n\t\t<\/div>\n\t\t\t\t\t\t\t<\/div>\n\t\t","protected":false},"excerpt":{"rendered":"<p>Home Gew\u00fcrzpasten Gew\u00fcrzpasten Gew\u00fcrze Gew\u00fcrzmischungen Trockengem\u00fcse Granatapfelsirup \u201eSal\u00e7a\u201c hochwertig &#038; handverlesen Das gewisse Extra an Geschmack &#038; Aromen Die Gew\u00fcrzpaste \u201eSal\u00e7a\u201c: Das rote Gold der Antep-K\u00fcche Die t\u00fcrkische Gew\u00fcrzpaste &#8216;Sal\u00e7a&#8217; ist das Herzblut der t\u00fcrkischen K\u00fcche und ein unentbehrlicher Bestandteil, insbesondere in der traditionellen Antep-K\u00fcche. Sie verleiht Gerichten wie Eint\u00f6pfe, K\u00f6fte oder Sarma ihren unverwechselbaren&#8230;<\/p>","protected":false},"author":1,"featured_media":0,"parent":0,"menu_order":0,"comment_status":"closed","ping_status":"closed","template":"","meta":{"footnotes":""},"class_list":{"0":"post-1433","1":"page","2":"type-page","3":"status-publish","4":"hentry","5":"nt-post-class","6":"","8":"thumb-none","10":"excerpt-none"},"_links":{"self":[{"href":"https:\/\/ozantep.de\/tr\/wp-json\/wp\/v2\/pages\/1433","targetHints":{"allow":["GET"]}}],"collection":[{"href":"https:\/\/ozantep.de\/tr\/wp-json\/wp\/v2\/pages"}],"about":[{"href":"https:\/\/ozantep.de\/tr\/wp-json\/wp\/v2\/types\/page"}],"author":[{"embeddable":true,"href":"https:\/\/ozantep.de\/tr\/wp-json\/wp\/v2\/users\/1"}],"replies":[{"embeddable":true,"href":"https:\/\/ozantep.de\/tr\/wp-json\/wp\/v2\/comments?post=1433"}],"version-history":[{"count":48,"href":"https:\/\/ozantep.de\/tr\/wp-json\/wp\/v2\/pages\/1433\/revisions"}],"predecessor-version":[{"id":6170,"href":"https:\/\/ozantep.de\/tr\/wp-json\/wp\/v2\/pages\/1433\/revisions\/6170"}],"wp:attachment":[{"href":"https:\/\/ozantep.de\/tr\/wp-json\/wp\/v2\/media?parent=1433"}],"curies":[{"name":"wp","href":"https:\/\/api.w.org\/{rel}","templated":true}]}}