{"id":5161,"date":"2023-02-05T14:32:40","date_gmt":"2023-02-05T14:32:40","guid":{"rendered":"https:\/\/ozantep.de\/?post_type=product&#038;p=5161"},"modified":"2023-03-20T17:22:41","modified_gmt":"2023-03-20T17:22:41","slug":"oz-antep-wurzpaste-mit-paprika-scharf-370-ml","status":"publish","type":"product","link":"https:\/\/ozantep.de\/tr\/product\/oz-antep-wurzpaste-mit-paprika-scharf-370-ml\/","title":{"rendered":"\u00d6z Antep<br> Biber Sal\u00e7as\u0131 (ac\u0131)<br> 370 ml"},"content":{"rendered":"","protected":false},"excerpt":{"rendered":"<p>Antep usul\u00fcne g\u00f6re haz\u0131rlad\u0131\u011f\u0131m\u0131z \u00d6z Antep ac\u0131 biber sal\u00e7as\u0131 m\u00fckemmel k\u0131vam\u0131 ile harika bir lezzet se\u00e7ene\u011fidir. Sa\u011fl\u0131kl\u0131 cam kavanozda sundu\u011fumuz ve net a\u011f\u0131rl\u0131\u011f\u0131 370 ml olan bu sal\u00e7a, ba\u015fta \u0131zgaralar, soslar ve \u00e7orbalar olmak \u00fczere yemeklerinizi daha da tatland\u0131racak m\u00fckemmel bir besin malzemesidir.<\/p>\n<p style=\"font-size: 17px; line-height: 20px; color: #255946; text-align: left;\"><strong>Sal\u00e7an\u0131n\u0131z\u0131n tazeli\u011fini ve lezzetini korumak i\u00e7in \u015fu \u015fekilde saklay\u0131n\u0131z:<br \/>\n<\/strong><\/p>\n<p style=\"font-size: 14px; line-height: 17px;\">Biber sal\u00e7as\u0131n\u0131 taze ve lezzetli tutmak i\u00e7in, do\u011fru saklama y\u00f6ntemlerine ba\u015fvurmal\u0131d\u0131r. \u00dcr\u00fcn\u00fc do\u011frudan g\u00fcne\u015f \u0131\u015f\u0131\u011f\u0131ndan koruyunuz ve bunun i\u00e7in serin bir yerde muhafaza edilmesini sa\u011flay\u0131n\u0131z. Sal\u00e7an\u0131z\u0131n \u00fcst tabakas\u0131nda olu\u015fabilecek renk de\u011fi\u015fikli\u011fini \u00f6nlemek i\u00e7in a\u00e7\u0131ld\u0131ktan sonra \u00fczerine k\u00fc\u00e7\u00fck bir miktar ya\u011f eklemeniz faydal\u0131 olacakt\u0131r.<\/p>","protected":false},"featured_media":5197,"comment_status":"open","ping_status":"closed","template":"","meta":[],"product_brand":[],"product_cat":[65],"product_tag":[67],"class_list":{"0":"post-5161","1":"product","2":"type-product","3":"status-publish","4":"has-post-thumbnail","6":"product_cat-tomaten-paprikamark","7":"product_tag-wurzpaste-mit-paprika","8":"nt-post-class","9":"","18":"first","19":"outofstock","20":"shipping-taxable","21":"product-type-variable"},"_links":{"self":[{"href":"https:\/\/ozantep.de\/tr\/wp-json\/wp\/v2\/product\/5161","targetHints":{"allow":["GET"]}}],"collection":[{"href":"https:\/\/ozantep.de\/tr\/wp-json\/wp\/v2\/product"}],"about":[{"href":"https:\/\/ozantep.de\/tr\/wp-json\/wp\/v2\/types\/product"}],"replies":[{"embeddable":true,"href":"https:\/\/ozantep.de\/tr\/wp-json\/wp\/v2\/comments?post=5161"}],"wp:featuredmedia":[{"embeddable":true,"href":"https:\/\/ozantep.de\/tr\/wp-json\/wp\/v2\/media\/5197"}],"wp:attachment":[{"href":"https:\/\/ozantep.de\/tr\/wp-json\/wp\/v2\/media?parent=5161"}],"wp:term":[{"taxonomy":"product_brand","embeddable":true,"href":"https:\/\/ozantep.de\/tr\/wp-json\/wp\/v2\/product_brand?post=5161"},{"taxonomy":"product_cat","embeddable":true,"href":"https:\/\/ozantep.de\/tr\/wp-json\/wp\/v2\/product_cat?post=5161"},{"taxonomy":"product_tag","embeddable":true,"href":"https:\/\/ozantep.de\/tr\/wp-json\/wp\/v2\/product_tag?post=5161"}],"curies":[{"name":"wp","href":"https:\/\/api.w.org\/{rel}","templated":true}]}}