{"id":5193,"date":"2023-02-05T20:09:49","date_gmt":"2023-02-05T20:09:49","guid":{"rendered":"https:\/\/ozantep.de\/?post_type=product&#038;p=5193"},"modified":"2023-03-20T17:13:42","modified_gmt":"2023-03-20T17:13:42","slug":"oz-antep-tomaten-paprikapaste-660-ml","status":"publish","type":"product","link":"https:\/\/ozantep.de\/tr\/product\/oz-antep-tomaten-paprikapaste-660-ml\/","title":{"rendered":"\u00d6z Antep<br> Sal\u00e7a<br> 660 ml"},"content":{"rendered":"","protected":false},"excerpt":{"rendered":"<p>Antep usul\u00fcne g\u00f6re haz\u0131rlad\u0131\u011f\u0131m\u0131z \u00d6z Antep Kar\u0131\u015f\u0131k Sal\u00e7a, ac\u0131 ve tatl\u0131 biber sal\u00e7as\u0131n\u0131n yan\u0131 s\u0131ra domates sal\u00e7as\u0131n\u0131n eklenmesiyle meydana geliyor.  Sa\u011fl\u0131kl\u0131 cam kavanozda sundu\u011fumuz ve net a\u011f\u0131rl\u0131\u011f\u0131 660 ml olan bu m\u00fckemmel kombinasyon yemeklerinizin lezzetine lezzet katmak i\u00e7in ideal bir \u00e7\u00f6z\u00fcm.<\/p>\n<p style=\"font-size: 17px; line-height: 20px; color: #255946; text-align: left;\"><strong>Sal\u00e7an\u0131n\u0131z\u0131n tazeli\u011fini ve lezzetini korumak i\u00e7in \u015fu \u015fekilde saklay\u0131n\u0131z:<br \/>\n<\/strong><\/p>\n<p style=\"font-size: 14px; line-height: 17px;\">Die richtige Aufbewahrung von Paprika-Tomatenmark ist entscheidend. Vermeiden Sie, dass das Produkt direktem Sonnenlicht ausgesetzt wird, indem Sie es an einem k\u00fchlen Ort aufbewahren. Um Verf\u00e4rbungen zu verhindern, kann es auch hilfreich sein, nach dem \u00d6ffnen eine kleine Menge \u00d6l auf die Gew\u00fcrzpaste zu geben.<\/p>","protected":false},"featured_media":5194,"comment_status":"open","ping_status":"closed","template":"","meta":[],"product_brand":[],"product_cat":[65],"product_tag":[68],"class_list":{"0":"post-5193","1":"product","2":"type-product","3":"status-publish","4":"has-post-thumbnail","6":"product_cat-tomaten-paprikamark","7":"product_tag-tomaten-paprikapaste","8":"nt-post-class","9":"","18":"first","19":"outofstock","20":"shipping-taxable","21":"product-type-variable"},"_links":{"self":[{"href":"https:\/\/ozantep.de\/tr\/wp-json\/wp\/v2\/product\/5193","targetHints":{"allow":["GET"]}}],"collection":[{"href":"https:\/\/ozantep.de\/tr\/wp-json\/wp\/v2\/product"}],"about":[{"href":"https:\/\/ozantep.de\/tr\/wp-json\/wp\/v2\/types\/product"}],"replies":[{"embeddable":true,"href":"https:\/\/ozantep.de\/tr\/wp-json\/wp\/v2\/comments?post=5193"}],"wp:featuredmedia":[{"embeddable":true,"href":"https:\/\/ozantep.de\/tr\/wp-json\/wp\/v2\/media\/5194"}],"wp:attachment":[{"href":"https:\/\/ozantep.de\/tr\/wp-json\/wp\/v2\/media?parent=5193"}],"wp:term":[{"taxonomy":"product_brand","embeddable":true,"href":"https:\/\/ozantep.de\/tr\/wp-json\/wp\/v2\/product_brand?post=5193"},{"taxonomy":"product_cat","embeddable":true,"href":"https:\/\/ozantep.de\/tr\/wp-json\/wp\/v2\/product_cat?post=5193"},{"taxonomy":"product_tag","embeddable":true,"href":"https:\/\/ozantep.de\/tr\/wp-json\/wp\/v2\/product_tag?post=5193"}],"curies":[{"name":"wp","href":"https:\/\/api.w.org\/{rel}","templated":true}]}}