{"id":5207,"date":"2023-02-05T20:56:42","date_gmt":"2023-02-05T20:56:42","guid":{"rendered":"https:\/\/ozantep.de\/?post_type=product&#038;p=5207"},"modified":"2023-02-28T20:18:02","modified_gmt":"2023-02-28T20:18:02","slug":"oz-antep-ganze-geschalte-tomaten-800-g","status":"publish","type":"product","link":"https:\/\/ozantep.de\/tr\/product\/oz-antep-ganze-geschalte-tomaten-800-g\/","title":{"rendered":"\u00d6z Antep<br> Soyulmu\u015f Domates<br> 800 g"},"content":{"rendered":"","protected":false},"excerpt":{"rendered":"<p>Domates suyu i\u00e7inde soyulmu\u015f domates. 800 graml\u0131k kutularda sundu\u011fumuz bu bu \u00fcr\u00fcn\u00fc T\u00fcrkiye g\u00fcne\u015fiyle olgunla\u015ft\u0131\u011f\u0131 ve taze taze kopar\u0131ld\u0131\u011f\u0131 i\u00e7in benzersiz aromaya sahip olan domateslerden \u00fcrettik. Bu \u00fcr\u00fcn, \u00f6zellikle yap\u0131l\u0131\u015f\u0131 h\u0131zl\u0131 ve basit olan yemekler i\u00e7in ideal.<\/p>","protected":false},"featured_media":5209,"comment_status":"open","ping_status":"closed","template":"","meta":[],"product_brand":[],"product_cat":[65],"product_tag":[67],"class_list":{"0":"post-5207","1":"product","2":"type-product","3":"status-publish","4":"has-post-thumbnail","6":"product_cat-tomaten-paprikamark","7":"product_tag-wurzpaste-mit-paprika","8":"nt-post-class","9":"","18":"first","19":"outofstock","20":"shipping-taxable","21":"product-type-simple"},"_links":{"self":[{"href":"https:\/\/ozantep.de\/tr\/wp-json\/wp\/v2\/product\/5207","targetHints":{"allow":["GET"]}}],"collection":[{"href":"https:\/\/ozantep.de\/tr\/wp-json\/wp\/v2\/product"}],"about":[{"href":"https:\/\/ozantep.de\/tr\/wp-json\/wp\/v2\/types\/product"}],"replies":[{"embeddable":true,"href":"https:\/\/ozantep.de\/tr\/wp-json\/wp\/v2\/comments?post=5207"}],"wp:featuredmedia":[{"embeddable":true,"href":"https:\/\/ozantep.de\/tr\/wp-json\/wp\/v2\/media\/5209"}],"wp:attachment":[{"href":"https:\/\/ozantep.de\/tr\/wp-json\/wp\/v2\/media?parent=5207"}],"wp:term":[{"taxonomy":"product_brand","embeddable":true,"href":"https:\/\/ozantep.de\/tr\/wp-json\/wp\/v2\/product_brand?post=5207"},{"taxonomy":"product_cat","embeddable":true,"href":"https:\/\/ozantep.de\/tr\/wp-json\/wp\/v2\/product_cat?post=5207"},{"taxonomy":"product_tag","embeddable":true,"href":"https:\/\/ozantep.de\/tr\/wp-json\/wp\/v2\/product_tag?post=5207"}],"curies":[{"name":"wp","href":"https:\/\/api.w.org\/{rel}","templated":true}]}}