{"id":5227,"date":"2023-02-05T21:28:19","date_gmt":"2023-02-05T21:28:19","guid":{"rendered":"https:\/\/ozantep.de\/?post_type=product&#038;p=5227"},"modified":"2023-02-05T21:29:10","modified_gmt":"2023-02-05T21:29:10","slug":"oz-antep-fix-fur-grillfleisch-90-g","status":"publish","type":"product","link":"https:\/\/ozantep.de\/tr\/product\/oz-antep-fix-fur-grillfleisch-90-g\/","title":{"rendered":"\u00d6z Antep<br> Et Mangal Harc\u0131<br> 90 g"},"content":{"rendered":"","protected":false},"excerpt":{"rendered":"<p>Mangalda et pi\u015firmeniz i\u00e7in haz\u0131rlad\u0131\u011f\u0131m\u0131z \u00f6zel har\u00e7 90 gr a\u011f\u0131rl\u0131\u011f\u0131ndad\u0131r ve \u015fu baharatlar\u0131 i\u00e7erir:<br \/>\nPul biber, kimyon, pul biber (tatl\u0131), sar\u0131msak tozu, so\u011fan gran\u00fclleri, kekik yapra\u011f\u0131, karabiber, tuz.<\/p>","protected":false},"featured_media":5228,"comment_status":"open","ping_status":"closed","template":"","meta":[],"product_brand":[],"product_cat":[69],"product_tag":[73],"class_list":{"0":"post-5227","1":"product","2":"type-product","3":"status-publish","4":"has-post-thumbnail","6":"product_cat-gewurzmischungen","7":"product_tag-fix-fur-grillfleisch","8":"nt-post-class","9":"","18":"first","19":"outofstock","20":"shipping-taxable","21":"product-type-variable"},"_links":{"self":[{"href":"https:\/\/ozantep.de\/tr\/wp-json\/wp\/v2\/product\/5227","targetHints":{"allow":["GET"]}}],"collection":[{"href":"https:\/\/ozantep.de\/tr\/wp-json\/wp\/v2\/product"}],"about":[{"href":"https:\/\/ozantep.de\/tr\/wp-json\/wp\/v2\/types\/product"}],"replies":[{"embeddable":true,"href":"https:\/\/ozantep.de\/tr\/wp-json\/wp\/v2\/comments?post=5227"}],"wp:featuredmedia":[{"embeddable":true,"href":"https:\/\/ozantep.de\/tr\/wp-json\/wp\/v2\/media\/5228"}],"wp:attachment":[{"href":"https:\/\/ozantep.de\/tr\/wp-json\/wp\/v2\/media?parent=5227"}],"wp:term":[{"taxonomy":"product_brand","embeddable":true,"href":"https:\/\/ozantep.de\/tr\/wp-json\/wp\/v2\/product_brand?post=5227"},{"taxonomy":"product_cat","embeddable":true,"href":"https:\/\/ozantep.de\/tr\/wp-json\/wp\/v2\/product_cat?post=5227"},{"taxonomy":"product_tag","embeddable":true,"href":"https:\/\/ozantep.de\/tr\/wp-json\/wp\/v2\/product_tag?post=5227"}],"curies":[{"name":"wp","href":"https:\/\/api.w.org\/{rel}","templated":true}]}}