{"id":5230,"date":"2023-02-05T21:32:44","date_gmt":"2023-02-05T21:32:44","guid":{"rendered":"https:\/\/ozantep.de\/?post_type=product&#038;p=5230"},"modified":"2023-03-03T08:14:36","modified_gmt":"2023-03-03T08:14:36","slug":"oz-antep-fix-fur-hackfleischspiese-nach-adana-art-90-g","status":"publish","type":"product","link":"https:\/\/ozantep.de\/tr\/product\/oz-antep-fix-fur-hackfleischspiese-nach-adana-art-90-g\/","title":{"rendered":"\u00d6z Antep<br> Adana \u015ei\u015f Kebap Harc\u0131<br> 90 g"},"content":{"rendered":"","protected":false},"excerpt":{"rendered":"<p>Adana kebab\u0131 yap\u0131m\u0131 i\u00e7in \u00f6zel olarak haz\u0131rlanan bu kar\u0131\u015f\u0131m 90 gram a\u011f\u0131rl\u0131\u011f\u0131nda olup pul biber, ac\u0131 biber tozu, maydanoz, sar\u0131msak tozu ve tuz gibi baharatlar i\u00e7ermektedir.<\/p>","protected":false},"featured_media":6127,"comment_status":"open","ping_status":"closed","template":"","meta":[],"product_brand":[],"product_cat":[69],"product_tag":[74],"class_list":{"0":"post-5230","1":"product","2":"type-product","3":"status-publish","4":"has-post-thumbnail","6":"product_cat-gewurzmischungen","7":"product_tag-fix-fur-hackfleischspiese-nach-adana-art","8":"nt-post-class","9":"","18":"first","19":"outofstock","20":"shipping-taxable","21":"product-type-variable"},"_links":{"self":[{"href":"https:\/\/ozantep.de\/tr\/wp-json\/wp\/v2\/product\/5230","targetHints":{"allow":["GET"]}}],"collection":[{"href":"https:\/\/ozantep.de\/tr\/wp-json\/wp\/v2\/product"}],"about":[{"href":"https:\/\/ozantep.de\/tr\/wp-json\/wp\/v2\/types\/product"}],"replies":[{"embeddable":true,"href":"https:\/\/ozantep.de\/tr\/wp-json\/wp\/v2\/comments?post=5230"}],"wp:featuredmedia":[{"embeddable":true,"href":"https:\/\/ozantep.de\/tr\/wp-json\/wp\/v2\/media\/6127"}],"wp:attachment":[{"href":"https:\/\/ozantep.de\/tr\/wp-json\/wp\/v2\/media?parent=5230"}],"wp:term":[{"taxonomy":"product_brand","embeddable":true,"href":"https:\/\/ozantep.de\/tr\/wp-json\/wp\/v2\/product_brand?post=5230"},{"taxonomy":"product_cat","embeddable":true,"href":"https:\/\/ozantep.de\/tr\/wp-json\/wp\/v2\/product_cat?post=5230"},{"taxonomy":"product_tag","embeddable":true,"href":"https:\/\/ozantep.de\/tr\/wp-json\/wp\/v2\/product_tag?post=5230"}],"curies":[{"name":"wp","href":"https:\/\/api.w.org\/{rel}","templated":true}]}}