{"id":5232,"date":"2023-02-05T21:36:46","date_gmt":"2023-02-05T21:36:46","guid":{"rendered":"https:\/\/ozantep.de\/?post_type=product&#038;p=5232"},"modified":"2023-02-05T21:37:33","modified_gmt":"2023-02-05T21:37:33","slug":"oz-antep-fix-fur-bulgur-frikadellen-mit-hackfleisch-90-g","status":"publish","type":"product","link":"https:\/\/ozantep.de\/tr\/product\/oz-antep-fix-fur-bulgur-frikadellen-mit-hackfleisch-90-g\/","title":{"rendered":"\u00d6z Antep<br> \u00c7i\u011f K\u00f6fte Harc\u0131<br> 90 g"},"content":{"rendered":"","protected":false},"excerpt":{"rendered":"<p>\u00c7i\u011f K\u00f6fte i\u00e7in kullan\u0131lan bu kar\u0131\u015f\u0131m, 90 gram a\u011f\u0131rl\u0131\u011f\u0131nda ve i\u00e7erisinde pul biber, isot biberi, tatl\u0131 ve ac\u0131 biber tozu, biber, kimyon, ki\u015fni\u015f, karabiber, kekik tozu, nane tozu, sar\u0131msak tozu ve tuz gibi baharatlar bulunmaktad\u0131r.<\/p>","protected":false},"featured_media":5233,"comment_status":"open","ping_status":"closed","template":"","meta":[],"product_brand":[],"product_cat":[69],"product_tag":[75],"class_list":{"0":"post-5232","1":"product","2":"type-product","3":"status-publish","4":"has-post-thumbnail","6":"product_cat-gewurzmischungen","7":"product_tag-fix-fur-bulgur-frikadellen-mit-hackfleisch","8":"nt-post-class","9":"","18":"first","19":"outofstock","20":"shipping-taxable","21":"product-type-variable"},"_links":{"self":[{"href":"https:\/\/ozantep.de\/tr\/wp-json\/wp\/v2\/product\/5232","targetHints":{"allow":["GET"]}}],"collection":[{"href":"https:\/\/ozantep.de\/tr\/wp-json\/wp\/v2\/product"}],"about":[{"href":"https:\/\/ozantep.de\/tr\/wp-json\/wp\/v2\/types\/product"}],"replies":[{"embeddable":true,"href":"https:\/\/ozantep.de\/tr\/wp-json\/wp\/v2\/comments?post=5232"}],"wp:featuredmedia":[{"embeddable":true,"href":"https:\/\/ozantep.de\/tr\/wp-json\/wp\/v2\/media\/5233"}],"wp:attachment":[{"href":"https:\/\/ozantep.de\/tr\/wp-json\/wp\/v2\/media?parent=5232"}],"wp:term":[{"taxonomy":"product_brand","embeddable":true,"href":"https:\/\/ozantep.de\/tr\/wp-json\/wp\/v2\/product_brand?post=5232"},{"taxonomy":"product_cat","embeddable":true,"href":"https:\/\/ozantep.de\/tr\/wp-json\/wp\/v2\/product_cat?post=5232"},{"taxonomy":"product_tag","embeddable":true,"href":"https:\/\/ozantep.de\/tr\/wp-json\/wp\/v2\/product_tag?post=5232"}],"curies":[{"name":"wp","href":"https:\/\/api.w.org\/{rel}","templated":true}]}}