{"id":5235,"date":"2023-02-05T21:39:52","date_gmt":"2023-02-05T21:39:52","guid":{"rendered":"https:\/\/ozantep.de\/?post_type=product&#038;p=5235"},"modified":"2023-02-05T21:40:32","modified_gmt":"2023-02-05T21:40:32","slug":"oz-antep-fix-fur-hahnchenfleisch-90-g","status":"publish","type":"product","link":"https:\/\/ozantep.de\/tr\/product\/oz-antep-fix-fur-hahnchenfleisch-90-g\/","title":{"rendered":"\u00d6z Antep<br> Tavuk Harc\u0131<br> 90 g"},"content":{"rendered":"","protected":false},"excerpt":{"rendered":"<p>F\u0131r\u0131nda tavuk i\u00e7in \u00f6zel olarak haz\u0131rlanan bu kar\u0131\u015f\u0131m 90 gram a\u011f\u0131rl\u0131\u011f\u0131nda olup bu\u011fday unu, tatl\u0131 ve ac\u0131 biber tozu, curry, kekik tozu, kimyon, biber, zencefil tozu, so\u011fan tozu, sar\u0131msak tozu ve tuz gibi baharatlar i\u00e7ermektedir.<\/p>","protected":false},"featured_media":5236,"comment_status":"open","ping_status":"closed","template":"","meta":[],"product_brand":[],"product_cat":[69],"product_tag":[76],"class_list":{"0":"post-5235","1":"product","2":"type-product","3":"status-publish","4":"has-post-thumbnail","6":"product_cat-gewurzmischungen","7":"product_tag-fix-fur-hahnchenfleisch","8":"nt-post-class","9":"","18":"first","19":"outofstock","20":"shipping-taxable","21":"product-type-variable"},"_links":{"self":[{"href":"https:\/\/ozantep.de\/tr\/wp-json\/wp\/v2\/product\/5235","targetHints":{"allow":["GET"]}}],"collection":[{"href":"https:\/\/ozantep.de\/tr\/wp-json\/wp\/v2\/product"}],"about":[{"href":"https:\/\/ozantep.de\/tr\/wp-json\/wp\/v2\/types\/product"}],"replies":[{"embeddable":true,"href":"https:\/\/ozantep.de\/tr\/wp-json\/wp\/v2\/comments?post=5235"}],"wp:featuredmedia":[{"embeddable":true,"href":"https:\/\/ozantep.de\/tr\/wp-json\/wp\/v2\/media\/5236"}],"wp:attachment":[{"href":"https:\/\/ozantep.de\/tr\/wp-json\/wp\/v2\/media?parent=5235"}],"wp:term":[{"taxonomy":"product_brand","embeddable":true,"href":"https:\/\/ozantep.de\/tr\/wp-json\/wp\/v2\/product_brand?post=5235"},{"taxonomy":"product_cat","embeddable":true,"href":"https:\/\/ozantep.de\/tr\/wp-json\/wp\/v2\/product_cat?post=5235"},{"taxonomy":"product_tag","embeddable":true,"href":"https:\/\/ozantep.de\/tr\/wp-json\/wp\/v2\/product_tag?post=5235"}],"curies":[{"name":"wp","href":"https:\/\/api.w.org\/{rel}","templated":true}]}}