{"id":5238,"date":"2023-02-05T21:46:31","date_gmt":"2023-02-05T21:46:31","guid":{"rendered":"https:\/\/ozantep.de\/?post_type=product&#038;p=5238"},"modified":"2023-02-05T21:47:25","modified_gmt":"2023-02-05T21:47:25","slug":"oz-antep-paniermischung-fur-knuspriges-hahnchenfleisch-90-g","status":"publish","type":"product","link":"https:\/\/ozantep.de\/tr\/product\/oz-antep-paniermischung-fur-knuspriges-hahnchenfleisch-90-g\/","title":{"rendered":"\u00d6z Antep<br> \u00c7\u0131t\u0131r Pane Harc\u0131 <br> 90 g"},"content":{"rendered":"","protected":false},"excerpt":{"rendered":"<p>Pane olarak haz\u0131rlanm\u0131\u015f tavuk eti yap\u0131m\u0131 i\u00e7in \u00f6zel olarak haz\u0131rlanan bu kar\u0131\u015f\u0131m 90 gram a\u011f\u0131rl\u0131\u011f\u0131nda olup bu\u011fday unu, m\u0131s\u0131r gevre\u011fi, so\u011fan gran\u00fclat\u0131, sar\u0131msak tozu, tatl\u0131 biber tozu, biber ve tuz gibi malzemeleri i\u00e7ermektedir.<\/p>","protected":false},"featured_media":5239,"comment_status":"open","ping_status":"closed","template":"","meta":[],"product_brand":[],"product_cat":[69],"product_tag":[77],"class_list":{"0":"post-5238","1":"product","2":"type-product","3":"status-publish","4":"has-post-thumbnail","6":"product_cat-gewurzmischungen","7":"product_tag-paniermischung-fur-knuspriges-hahnchenfleisch","8":"nt-post-class","9":"","18":"first","19":"outofstock","20":"shipping-taxable","21":"product-type-variable"},"_links":{"self":[{"href":"https:\/\/ozantep.de\/tr\/wp-json\/wp\/v2\/product\/5238","targetHints":{"allow":["GET"]}}],"collection":[{"href":"https:\/\/ozantep.de\/tr\/wp-json\/wp\/v2\/product"}],"about":[{"href":"https:\/\/ozantep.de\/tr\/wp-json\/wp\/v2\/types\/product"}],"replies":[{"embeddable":true,"href":"https:\/\/ozantep.de\/tr\/wp-json\/wp\/v2\/comments?post=5238"}],"wp:featuredmedia":[{"embeddable":true,"href":"https:\/\/ozantep.de\/tr\/wp-json\/wp\/v2\/media\/5239"}],"wp:attachment":[{"href":"https:\/\/ozantep.de\/tr\/wp-json\/wp\/v2\/media?parent=5238"}],"wp:term":[{"taxonomy":"product_brand","embeddable":true,"href":"https:\/\/ozantep.de\/tr\/wp-json\/wp\/v2\/product_brand?post=5238"},{"taxonomy":"product_cat","embeddable":true,"href":"https:\/\/ozantep.de\/tr\/wp-json\/wp\/v2\/product_cat?post=5238"},{"taxonomy":"product_tag","embeddable":true,"href":"https:\/\/ozantep.de\/tr\/wp-json\/wp\/v2\/product_tag?post=5238"}],"curies":[{"name":"wp","href":"https:\/\/api.w.org\/{rel}","templated":true}]}}