{"id":5241,"date":"2023-02-05T22:45:54","date_gmt":"2023-02-05T22:45:54","guid":{"rendered":"https:\/\/ozantep.de\/?post_type=product&#038;p=5241"},"modified":"2023-02-21T08:05:02","modified_gmt":"2023-02-21T08:05:02","slug":"oz-antep-paprika-gewurzubereitung-scharf-400-g","status":"publish","type":"product","link":"https:\/\/ozantep.de\/tr\/product\/oz-antep-paprika-gewurzubereitung-scharf-400-g\/","title":{"rendered":"\u00d6z Antep<br> Ac\u0131 Pul Biber<br> 400 g"},"content":{"rendered":"","protected":false},"excerpt":{"rendered":"<p>Bu aromas\u0131 bol ac\u0131 pul biber \u00f6zellikle \u015fark \u00fclkelerinde pek sevilir ve T\u00fcrk mutfa\u011f\u0131nda da s\u0131kl\u0131kla kullan\u0131l\u0131r. Bu kar\u0131\u015f\u0131m y\u00fczde 90 oran\u0131nda biber, y\u00fczde 5 oran\u0131nda pamuk tohumu yap\u0131 ve y\u00fczde 5 oran\u0131nda da tuz bar\u0131nd\u0131rmaktad\u0131r.\nL\u00fctfen serin ve kuru bir ortamda saklay\u0131n\u0131z.<\/p>","protected":false},"featured_media":5969,"comment_status":"open","ping_status":"closed","template":"","meta":[],"product_brand":[],"product_cat":[78],"product_tag":[79],"class_list":{"0":"post-5241","1":"product","2":"type-product","3":"status-publish","4":"has-post-thumbnail","6":"product_cat-gewurze","7":"product_tag-paprika-gewurzubereitung-scharf","8":"nt-post-class","9":"","18":"first","19":"outofstock","20":"shipping-taxable","21":"product-type-variable"},"_links":{"self":[{"href":"https:\/\/ozantep.de\/tr\/wp-json\/wp\/v2\/product\/5241","targetHints":{"allow":["GET"]}}],"collection":[{"href":"https:\/\/ozantep.de\/tr\/wp-json\/wp\/v2\/product"}],"about":[{"href":"https:\/\/ozantep.de\/tr\/wp-json\/wp\/v2\/types\/product"}],"replies":[{"embeddable":true,"href":"https:\/\/ozantep.de\/tr\/wp-json\/wp\/v2\/comments?post=5241"}],"wp:featuredmedia":[{"embeddable":true,"href":"https:\/\/ozantep.de\/tr\/wp-json\/wp\/v2\/media\/5969"}],"wp:attachment":[{"href":"https:\/\/ozantep.de\/tr\/wp-json\/wp\/v2\/media?parent=5241"}],"wp:term":[{"taxonomy":"product_brand","embeddable":true,"href":"https:\/\/ozantep.de\/tr\/wp-json\/wp\/v2\/product_brand?post=5241"},{"taxonomy":"product_cat","embeddable":true,"href":"https:\/\/ozantep.de\/tr\/wp-json\/wp\/v2\/product_cat?post=5241"},{"taxonomy":"product_tag","embeddable":true,"href":"https:\/\/ozantep.de\/tr\/wp-json\/wp\/v2\/product_tag?post=5241"}],"curies":[{"name":"wp","href":"https:\/\/api.w.org\/{rel}","templated":true}]}}