{"id":5244,"date":"2023-02-06T00:35:09","date_gmt":"2023-02-06T00:35:09","guid":{"rendered":"https:\/\/ozantep.de\/?post_type=product&#038;p=5244"},"modified":"2023-02-21T08:04:11","modified_gmt":"2023-02-21T08:04:11","slug":"oz-antep-minze-250-g","status":"publish","type":"product","link":"https:\/\/ozantep.de\/tr\/product\/oz-antep-minze-250-g\/","title":{"rendered":"\u00d6z Antep<br> \u00d6z Antep'ten<br> 250 g"},"content":{"rendered":"","protected":false},"excerpt":{"rendered":"<p>Nane, Akdeniz mutfa\u011f\u0131ndan s\u0131kl\u0131kla kullan\u0131lan ferahl\u0131k veren, aromas\u0131 bol bir baharatt\u0131r. Tatl\u0131 ve serinletici bir lezzete sahip bu lezzet, \u00f6zellikle sebzelere, tatl\u0131lara ve i\u00e7eceklere yak\u0131\u015f\u0131r. Bu baharat ayn\u0131 zamanda soslar\u0131n, pestonun ve \u00e7ay\u0131n lezzetinin artt\u0131r\u0131lmas\u0131nda da kullan\u0131lmaktad\u0131r. \nL\u00fctfen serin ve kuru bir ortamda saklay\u0131n\u0131z.<\/p>","protected":false},"featured_media":5966,"comment_status":"open","ping_status":"closed","template":"","meta":[],"product_brand":[],"product_cat":[78],"product_tag":[80],"class_list":{"0":"post-5244","1":"product","2":"type-product","3":"status-publish","4":"has-post-thumbnail","6":"product_cat-gewurze","7":"product_tag-minze","8":"nt-post-class","9":"","18":"first","19":"outofstock","20":"shipping-taxable","21":"product-type-variable"},"_links":{"self":[{"href":"https:\/\/ozantep.de\/tr\/wp-json\/wp\/v2\/product\/5244","targetHints":{"allow":["GET"]}}],"collection":[{"href":"https:\/\/ozantep.de\/tr\/wp-json\/wp\/v2\/product"}],"about":[{"href":"https:\/\/ozantep.de\/tr\/wp-json\/wp\/v2\/types\/product"}],"replies":[{"embeddable":true,"href":"https:\/\/ozantep.de\/tr\/wp-json\/wp\/v2\/comments?post=5244"}],"wp:featuredmedia":[{"embeddable":true,"href":"https:\/\/ozantep.de\/tr\/wp-json\/wp\/v2\/media\/5966"}],"wp:attachment":[{"href":"https:\/\/ozantep.de\/tr\/wp-json\/wp\/v2\/media?parent=5244"}],"wp:term":[{"taxonomy":"product_brand","embeddable":true,"href":"https:\/\/ozantep.de\/tr\/wp-json\/wp\/v2\/product_brand?post=5244"},{"taxonomy":"product_cat","embeddable":true,"href":"https:\/\/ozantep.de\/tr\/wp-json\/wp\/v2\/product_cat?post=5244"},{"taxonomy":"product_tag","embeddable":true,"href":"https:\/\/ozantep.de\/tr\/wp-json\/wp\/v2\/product_tag?post=5244"}],"curies":[{"name":"wp","href":"https:\/\/api.w.org\/{rel}","templated":true}]}}