{"id":5247,"date":"2023-02-06T00:59:17","date_gmt":"2023-02-06T00:59:17","guid":{"rendered":"https:\/\/ozantep.de\/?post_type=product&#038;p=5247"},"modified":"2023-02-21T08:03:48","modified_gmt":"2023-02-21T08:03:48","slug":"oz-antep-oregano-250-g","status":"publish","type":"product","link":"https:\/\/ozantep.de\/tr\/product\/oz-antep-oregano-250-g\/","title":{"rendered":"\u00d6z Antep<br> Yaprak Kekik<br> 250 g"},"content":{"rendered":"","protected":false},"excerpt":{"rendered":"<p>Yaprak Kekik, \u00e7e\u015fnili ve kekremsi tad\u0131yla klasik bir Akdeniz mutfa\u011f\u0131 baharat\u0131d\u0131r. Bu baharat \u00f6zellikle pizza, makarna yemekleri, domates soslar\u0131 ve et yemeklerinin tad\u0131n\u0131n artt\u0131r\u0131lmas\u0131nda kullan\u0131lmaktad\u0131r. Bu baharat, \u0131zgarada pi\u015fen yemeklerde kullan\u0131lan baharat har\u00e7lar\u0131nda da \u00f6nemli bir bile\u015fendir. \nL\u00fctfen serin ve kuru bir ortamda saklay\u0131n\u0131z.<\/p>","protected":false},"featured_media":5965,"comment_status":"open","ping_status":"closed","template":"","meta":[],"product_brand":[],"product_cat":[78],"product_tag":[81],"class_list":{"0":"post-5247","1":"product","2":"type-product","3":"status-publish","4":"has-post-thumbnail","6":"product_cat-gewurze","7":"product_tag-oregano","8":"nt-post-class","9":"","18":"first","19":"outofstock","20":"shipping-taxable","21":"product-type-variable"},"_links":{"self":[{"href":"https:\/\/ozantep.de\/tr\/wp-json\/wp\/v2\/product\/5247","targetHints":{"allow":["GET"]}}],"collection":[{"href":"https:\/\/ozantep.de\/tr\/wp-json\/wp\/v2\/product"}],"about":[{"href":"https:\/\/ozantep.de\/tr\/wp-json\/wp\/v2\/types\/product"}],"replies":[{"embeddable":true,"href":"https:\/\/ozantep.de\/tr\/wp-json\/wp\/v2\/comments?post=5247"}],"wp:featuredmedia":[{"embeddable":true,"href":"https:\/\/ozantep.de\/tr\/wp-json\/wp\/v2\/media\/5965"}],"wp:attachment":[{"href":"https:\/\/ozantep.de\/tr\/wp-json\/wp\/v2\/media?parent=5247"}],"wp:term":[{"taxonomy":"product_brand","embeddable":true,"href":"https:\/\/ozantep.de\/tr\/wp-json\/wp\/v2\/product_brand?post=5247"},{"taxonomy":"product_cat","embeddable":true,"href":"https:\/\/ozantep.de\/tr\/wp-json\/wp\/v2\/product_cat?post=5247"},{"taxonomy":"product_tag","embeddable":true,"href":"https:\/\/ozantep.de\/tr\/wp-json\/wp\/v2\/product_tag?post=5247"}],"curies":[{"name":"wp","href":"https:\/\/api.w.org\/{rel}","templated":true}]}}