{"id":5250,"date":"2023-02-06T01:13:53","date_gmt":"2023-02-06T01:13:53","guid":{"rendered":"https:\/\/ozantep.de\/?post_type=product&#038;p=5250"},"modified":"2023-02-21T08:03:32","modified_gmt":"2023-02-21T08:03:32","slug":"oz-antep-kreuzkummel-gemahlen-400-g","status":"publish","type":"product","link":"https:\/\/ozantep.de\/tr\/product\/oz-antep-kreuzkummel-gemahlen-400-g\/","title":{"rendered":"\u00d6z Antep<br> Kimyon Toz<br> 400 g"},"content":{"rendered":"","protected":false},"excerpt":{"rendered":"<p>Kimyon T\u00fcrk mutfa\u011f\u0131nda \u00e7ok y\u00f6nl\u00fc olarak kullan\u0131lan bir baharat \u00e7e\u015fididir. \u00d6zellikle et ve tavuk yemeklerine uygun olan bu baharat, bakliyatlarla yap\u0131lan yemeklerin lezzetini artt\u0131rmak i\u00e7in de kullan\u0131lmaktad\u0131r. \nL\u00fctfen serin ve kuru bir ortamda saklay\u0131n\u0131z.<\/p>","protected":false},"featured_media":5964,"comment_status":"open","ping_status":"closed","template":"","meta":[],"product_brand":[],"product_cat":[78],"product_tag":[82],"class_list":{"0":"post-5250","1":"product","2":"type-product","3":"status-publish","4":"has-post-thumbnail","6":"product_cat-gewurze","7":"product_tag-kreuzkummel-gemahlen","8":"nt-post-class","9":"","18":"first","19":"outofstock","20":"shipping-taxable","21":"product-type-variable"},"_links":{"self":[{"href":"https:\/\/ozantep.de\/tr\/wp-json\/wp\/v2\/product\/5250","targetHints":{"allow":["GET"]}}],"collection":[{"href":"https:\/\/ozantep.de\/tr\/wp-json\/wp\/v2\/product"}],"about":[{"href":"https:\/\/ozantep.de\/tr\/wp-json\/wp\/v2\/types\/product"}],"replies":[{"embeddable":true,"href":"https:\/\/ozantep.de\/tr\/wp-json\/wp\/v2\/comments?post=5250"}],"wp:featuredmedia":[{"embeddable":true,"href":"https:\/\/ozantep.de\/tr\/wp-json\/wp\/v2\/media\/5964"}],"wp:attachment":[{"href":"https:\/\/ozantep.de\/tr\/wp-json\/wp\/v2\/media?parent=5250"}],"wp:term":[{"taxonomy":"product_brand","embeddable":true,"href":"https:\/\/ozantep.de\/tr\/wp-json\/wp\/v2\/product_brand?post=5250"},{"taxonomy":"product_cat","embeddable":true,"href":"https:\/\/ozantep.de\/tr\/wp-json\/wp\/v2\/product_cat?post=5250"},{"taxonomy":"product_tag","embeddable":true,"href":"https:\/\/ozantep.de\/tr\/wp-json\/wp\/v2\/product_tag?post=5250"}],"curies":[{"name":"wp","href":"https:\/\/api.w.org\/{rel}","templated":true}]}}