{"id":5253,"date":"2023-02-06T01:19:54","date_gmt":"2023-02-06T01:19:54","guid":{"rendered":"https:\/\/ozantep.de\/?post_type=product&#038;p=5253"},"modified":"2023-02-21T08:02:15","modified_gmt":"2023-02-21T08:02:15","slug":"oz-antep-scharfer-paprika-gemahlen-400-g","status":"publish","type":"product","link":"https:\/\/ozantep.de\/tr\/product\/oz-antep-scharfer-paprika-gemahlen-400-g\/","title":{"rendered":"\u00d6z Antep<br> Toz Ac\u0131 Biber<br> 400 g"},"content":{"rendered":"","protected":false},"excerpt":{"rendered":"<p>Ac\u0131 biber d\u00fcnya \u00e7ap\u0131nda bir\u00e7ok \u00fclke mutfa\u011f\u0131nda kullan\u0131lan \u00e7ok y\u00f6nl\u00fc bir baharatt\u0131r. \u00d6zellikle ac\u0131 olmas\u0131 arzu edilen \u00e7orba veya t\u00fcrl\u00fc gibi yemeklerin tatland\u0131r\u0131lmas\u0131nda tercih edilir. \nL\u00fctfen serin ve kuru bir ortamda saklay\u0131n\u0131z.<\/p>","protected":false},"featured_media":5963,"comment_status":"open","ping_status":"closed","template":"","meta":[],"product_brand":[],"product_cat":[78],"product_tag":[83],"class_list":{"0":"post-5253","1":"product","2":"type-product","3":"status-publish","4":"has-post-thumbnail","6":"product_cat-gewurze","7":"product_tag-scharfer-paprika-gemahlen","8":"nt-post-class","9":"","18":"first","19":"outofstock","20":"shipping-taxable","21":"product-type-variable"},"_links":{"self":[{"href":"https:\/\/ozantep.de\/tr\/wp-json\/wp\/v2\/product\/5253","targetHints":{"allow":["GET"]}}],"collection":[{"href":"https:\/\/ozantep.de\/tr\/wp-json\/wp\/v2\/product"}],"about":[{"href":"https:\/\/ozantep.de\/tr\/wp-json\/wp\/v2\/types\/product"}],"replies":[{"embeddable":true,"href":"https:\/\/ozantep.de\/tr\/wp-json\/wp\/v2\/comments?post=5253"}],"wp:featuredmedia":[{"embeddable":true,"href":"https:\/\/ozantep.de\/tr\/wp-json\/wp\/v2\/media\/5963"}],"wp:attachment":[{"href":"https:\/\/ozantep.de\/tr\/wp-json\/wp\/v2\/media?parent=5253"}],"wp:term":[{"taxonomy":"product_brand","embeddable":true,"href":"https:\/\/ozantep.de\/tr\/wp-json\/wp\/v2\/product_brand?post=5253"},{"taxonomy":"product_cat","embeddable":true,"href":"https:\/\/ozantep.de\/tr\/wp-json\/wp\/v2\/product_cat?post=5253"},{"taxonomy":"product_tag","embeddable":true,"href":"https:\/\/ozantep.de\/tr\/wp-json\/wp\/v2\/product_tag?post=5253"}],"curies":[{"name":"wp","href":"https:\/\/api.w.org\/{rel}","templated":true}]}}