{"id":5256,"date":"2023-02-06T01:26:51","date_gmt":"2023-02-06T01:26:51","guid":{"rendered":"https:\/\/ozantep.de\/?post_type=product&#038;p=5256"},"modified":"2023-02-21T08:01:53","modified_gmt":"2023-02-21T08:01:53","slug":"oz-antep-essigbaumfrucht-sumach-400-g","status":"publish","type":"product","link":"https:\/\/ozantep.de\/tr\/product\/oz-antep-essigbaumfrucht-sumach-400-g\/","title":{"rendered":"\u00d6z Antep<br> Sumak<br> 400 g"},"content":{"rendered":"","protected":false},"excerpt":{"rendered":"<p>Sumak Akdeniz mutfa\u011f\u0131nda olduk\u00e7a pop\u00fcler olan ve \u00e7ok y\u00f6nl\u00fc kullan\u0131labilen bir baharat t\u00fcr\u00fcd\u00fcr.  \u00d6zellikle \u0131zgaralar, salatalar ve marine edilmi\u015f etler i\u00e7in \u00e7ok uygun bir \u015fekilde kullan\u0131labilir ve onlara hafif ek\u015fi bir tat katar. \nL\u00fctfen serin ve kuru bir ortamda saklay\u0131n\u0131z.<\/p>","protected":false},"featured_media":5962,"comment_status":"open","ping_status":"closed","template":"","meta":[],"product_brand":[],"product_cat":[78],"product_tag":[84],"class_list":{"0":"post-5256","1":"product","2":"type-product","3":"status-publish","4":"has-post-thumbnail","6":"product_cat-gewurze","7":"product_tag-essigbaumfrucht-sumach","8":"nt-post-class","9":"","18":"first","19":"outofstock","20":"shipping-taxable","21":"product-type-variable"},"_links":{"self":[{"href":"https:\/\/ozantep.de\/tr\/wp-json\/wp\/v2\/product\/5256","targetHints":{"allow":["GET"]}}],"collection":[{"href":"https:\/\/ozantep.de\/tr\/wp-json\/wp\/v2\/product"}],"about":[{"href":"https:\/\/ozantep.de\/tr\/wp-json\/wp\/v2\/types\/product"}],"replies":[{"embeddable":true,"href":"https:\/\/ozantep.de\/tr\/wp-json\/wp\/v2\/comments?post=5256"}],"wp:featuredmedia":[{"embeddable":true,"href":"https:\/\/ozantep.de\/tr\/wp-json\/wp\/v2\/media\/5962"}],"wp:attachment":[{"href":"https:\/\/ozantep.de\/tr\/wp-json\/wp\/v2\/media?parent=5256"}],"wp:term":[{"taxonomy":"product_brand","embeddable":true,"href":"https:\/\/ozantep.de\/tr\/wp-json\/wp\/v2\/product_brand?post=5256"},{"taxonomy":"product_cat","embeddable":true,"href":"https:\/\/ozantep.de\/tr\/wp-json\/wp\/v2\/product_cat?post=5256"},{"taxonomy":"product_tag","embeddable":true,"href":"https:\/\/ozantep.de\/tr\/wp-json\/wp\/v2\/product_tag?post=5256"}],"curies":[{"name":"wp","href":"https:\/\/api.w.org\/{rel}","templated":true}]}}