{"id":5262,"date":"2023-02-06T01:43:08","date_gmt":"2023-02-06T01:43:08","guid":{"rendered":"https:\/\/ozantep.de\/?post_type=product&#038;p=5262"},"modified":"2023-02-21T08:00:41","modified_gmt":"2023-02-21T08:00:41","slug":"oz-antep-sesam-geschalt-400-g","status":"publish","type":"product","link":"https:\/\/ozantep.de\/tr\/product\/oz-antep-sesam-geschalt-400-g\/","title":{"rendered":"\u00d6z Antep<br> Soyulmu\u015f Susam<br> 400 g"},"content":{"rendered":"","protected":false},"excerpt":{"rendered":"<p>Susam, d\u00fcnya \u00e7ap\u0131nda bir\u00e7ok \u00fclke mutfa\u011f\u0131nda kullan\u0131lan \u00e7ok y\u00f6nl\u00fc bir baharat t\u00fcr\u00fcd\u00fcr. Bu baharat, yemeklere f\u0131nd\u0131k, ceviz benzeri bir tat katar ve bu \u00f6zelli\u011fiyle \u00f6zellikle tatl\u0131lar\u0131n haz\u0131rlan\u0131\u015f\u0131nda \u00f6nemli rol oynar. Yine ekme\u011fin \u00fczerine de serpilebilen bu besin malzemesi Do\u011fu \u00fclkelerinde yemeklerin yap\u0131m\u0131nda da kullan\u0131l\u0131r.\nL\u00fctfen serin ve kuru bir ortamda saklay\u0131n\u0131z.<\/p>","protected":false},"featured_media":5959,"comment_status":"open","ping_status":"closed","template":"","meta":[],"product_brand":[],"product_cat":[78],"product_tag":[86],"class_list":{"0":"post-5262","1":"product","2":"type-product","3":"status-publish","4":"has-post-thumbnail","6":"product_cat-gewurze","7":"product_tag-sesam-geschalt","8":"nt-post-class","9":"","18":"first","19":"outofstock","20":"shipping-taxable","21":"product-type-variable"},"_links":{"self":[{"href":"https:\/\/ozantep.de\/tr\/wp-json\/wp\/v2\/product\/5262","targetHints":{"allow":["GET"]}}],"collection":[{"href":"https:\/\/ozantep.de\/tr\/wp-json\/wp\/v2\/product"}],"about":[{"href":"https:\/\/ozantep.de\/tr\/wp-json\/wp\/v2\/types\/product"}],"replies":[{"embeddable":true,"href":"https:\/\/ozantep.de\/tr\/wp-json\/wp\/v2\/comments?post=5262"}],"wp:featuredmedia":[{"embeddable":true,"href":"https:\/\/ozantep.de\/tr\/wp-json\/wp\/v2\/media\/5959"}],"wp:attachment":[{"href":"https:\/\/ozantep.de\/tr\/wp-json\/wp\/v2\/media?parent=5262"}],"wp:term":[{"taxonomy":"product_brand","embeddable":true,"href":"https:\/\/ozantep.de\/tr\/wp-json\/wp\/v2\/product_brand?post=5262"},{"taxonomy":"product_cat","embeddable":true,"href":"https:\/\/ozantep.de\/tr\/wp-json\/wp\/v2\/product_cat?post=5262"},{"taxonomy":"product_tag","embeddable":true,"href":"https:\/\/ozantep.de\/tr\/wp-json\/wp\/v2\/product_tag?post=5262"}],"curies":[{"name":"wp","href":"https:\/\/api.w.org\/{rel}","templated":true}]}}