{"id":5265,"date":"2023-02-06T02:12:50","date_gmt":"2023-02-06T02:12:50","guid":{"rendered":"https:\/\/ozantep.de\/?post_type=product&#038;p=5265"},"modified":"2023-02-21T08:00:23","modified_gmt":"2023-02-21T08:00:23","slug":"oz-antep-schwarzer-pfeffer-gemahlen-400-g","status":"publish","type":"product","link":"https:\/\/ozantep.de\/tr\/product\/oz-antep-schwarzer-pfeffer-gemahlen-400-g\/","title":{"rendered":"\u00d6z Antep<br> Toz Karabiber<br> 400 g"},"content":{"rendered":"","protected":false},"excerpt":{"rendered":"<p>Karabiber, d\u00fcnya \u00e7ap\u0131nda bir\u00e7ok \u00fclke mutfa\u011f\u0131nda kullan\u0131lan \u00e7ok y\u00f6nl\u00fc bir baharatt\u0131r. Bu baharat, \u00f6zellikle et ve sebzelerden yap\u0131lan yemeklere yak\u0131\u015f\u0131r ve bu \u00f6zelli\u011fi sayesinde T\u00fcrk mutfa\u011f\u0131nda da s\u00fcrekli el alt\u0131nda bulundurulur. \nL\u00fctfen serin ve kuru bir ortamda saklay\u0131n\u0131z<\/p>","protected":false},"featured_media":5958,"comment_status":"open","ping_status":"closed","template":"","meta":[],"product_brand":[],"product_cat":[78],"product_tag":[87],"class_list":{"0":"post-5265","1":"product","2":"type-product","3":"status-publish","4":"has-post-thumbnail","6":"product_cat-gewurze","7":"product_tag-schwarzer-pfeffer-gemahlen","8":"nt-post-class","9":"","18":"first","19":"outofstock","20":"shipping-taxable","21":"product-type-variable"},"_links":{"self":[{"href":"https:\/\/ozantep.de\/tr\/wp-json\/wp\/v2\/product\/5265","targetHints":{"allow":["GET"]}}],"collection":[{"href":"https:\/\/ozantep.de\/tr\/wp-json\/wp\/v2\/product"}],"about":[{"href":"https:\/\/ozantep.de\/tr\/wp-json\/wp\/v2\/types\/product"}],"replies":[{"embeddable":true,"href":"https:\/\/ozantep.de\/tr\/wp-json\/wp\/v2\/comments?post=5265"}],"wp:featuredmedia":[{"embeddable":true,"href":"https:\/\/ozantep.de\/tr\/wp-json\/wp\/v2\/media\/5958"}],"wp:attachment":[{"href":"https:\/\/ozantep.de\/tr\/wp-json\/wp\/v2\/media?parent=5265"}],"wp:term":[{"taxonomy":"product_brand","embeddable":true,"href":"https:\/\/ozantep.de\/tr\/wp-json\/wp\/v2\/product_brand?post=5265"},{"taxonomy":"product_cat","embeddable":true,"href":"https:\/\/ozantep.de\/tr\/wp-json\/wp\/v2\/product_cat?post=5265"},{"taxonomy":"product_tag","embeddable":true,"href":"https:\/\/ozantep.de\/tr\/wp-json\/wp\/v2\/product_tag?post=5265"}],"curies":[{"name":"wp","href":"https:\/\/api.w.org\/{rel}","templated":true}]}}