{"id":5269,"date":"2023-02-06T02:36:48","date_gmt":"2023-02-06T02:36:48","guid":{"rendered":"https:\/\/ozantep.de\/?post_type=product&#038;p=5269"},"modified":"2023-02-16T11:15:31","modified_gmt":"2023-02-16T11:15:31","slug":"oz-antep-sonnengetrocknete-paprikaschoten-40-g","status":"publish","type":"product","link":"https:\/\/ozantep.de\/tr\/product\/oz-antep-sonnengetrocknete-paprikaschoten-40-g\/","title":{"rendered":"\u00d6z Antep<br> Kurutulmu\u015f Biber<br> 40 g"},"content":{"rendered":"","protected":false},"excerpt":{"rendered":"<p>Antep usul\u00fc g\u00fcne\u015fte kurutulmu\u015f biberler, dolma biber yap\u0131m\u0131 i\u00e7in idealdir. Biberler, zaman\u0131nda toplanarak kurutulduklar\u0131 i\u00e7in geleneksel lezzeti garanti eder. Kuru, karanl\u0131k ve g\u00fcvenli ortamda a\u011fz\u0131 kapal\u0131 bir \u015fekilde saklay\u0131n\u0131z.<\/p>","protected":false},"featured_media":5270,"comment_status":"open","ping_status":"closed","template":"","meta":[],"product_brand":[],"product_cat":[88],"product_tag":[89],"class_list":{"0":"post-5269","1":"product","2":"type-product","3":"status-publish","4":"has-post-thumbnail","6":"product_cat-trockengemuse","7":"product_tag-sonnengetrocknete-paprikaschoten","8":"nt-post-class","9":"","18":"first","19":"outofstock","20":"shipping-taxable","21":"product-type-variable"},"_links":{"self":[{"href":"https:\/\/ozantep.de\/tr\/wp-json\/wp\/v2\/product\/5269","targetHints":{"allow":["GET"]}}],"collection":[{"href":"https:\/\/ozantep.de\/tr\/wp-json\/wp\/v2\/product"}],"about":[{"href":"https:\/\/ozantep.de\/tr\/wp-json\/wp\/v2\/types\/product"}],"replies":[{"embeddable":true,"href":"https:\/\/ozantep.de\/tr\/wp-json\/wp\/v2\/comments?post=5269"}],"wp:featuredmedia":[{"embeddable":true,"href":"https:\/\/ozantep.de\/tr\/wp-json\/wp\/v2\/media\/5270"}],"wp:attachment":[{"href":"https:\/\/ozantep.de\/tr\/wp-json\/wp\/v2\/media?parent=5269"}],"wp:term":[{"taxonomy":"product_brand","embeddable":true,"href":"https:\/\/ozantep.de\/tr\/wp-json\/wp\/v2\/product_brand?post=5269"},{"taxonomy":"product_cat","embeddable":true,"href":"https:\/\/ozantep.de\/tr\/wp-json\/wp\/v2\/product_cat?post=5269"},{"taxonomy":"product_tag","embeddable":true,"href":"https:\/\/ozantep.de\/tr\/wp-json\/wp\/v2\/product_tag?post=5269"}],"curies":[{"name":"wp","href":"https:\/\/api.w.org\/{rel}","templated":true}]}}