{"id":5287,"date":"2023-02-06T18:00:37","date_gmt":"2023-02-06T18:00:37","guid":{"rendered":"https:\/\/ozantep.de\/?post_type=product&#038;p=5287"},"modified":"2025-02-21T09:38:26","modified_gmt":"2025-02-21T09:38:26","slug":"oz-antep-sonnengetrocknete-okra-100-g","status":"publish","type":"product","link":"https:\/\/ozantep.de\/tr\/product\/oz-antep-sonnengetrocknete-okra-100-g\/","title":{"rendered":"\u00d6z Antep<br> G\u00fcne\u015f Kurusu Bamya<br> 100 g"},"content":{"rendered":"","protected":false},"excerpt":{"rendered":"<p>\u00d6zellikle t\u00fcrl\u00fc tarz\u0131 yemekler i\u00e7in ideal olan Antep usul\u00fc g\u00fcne\u015fte kurutulmu\u015f bamyalar\u0131m\u0131z tam zaman\u0131nda hasat sayesinde geleneksel lezzeti garanti eder. Kuru, karanl\u0131k ve g\u00fcvenli bir ortamda a\u011fz\u0131 kapal\u0131 \u015fekilde saklay\u0131n.<\/p>","protected":false},"featured_media":5629,"comment_status":"open","ping_status":"closed","template":"","meta":[],"product_brand":[],"product_cat":[88],"product_tag":[90],"class_list":{"0":"post-5287","1":"product","2":"type-product","3":"status-publish","4":"has-post-thumbnail","6":"product_cat-trockengemuse","7":"product_tag-sonnengetrocknete-okra","8":"nt-post-class","9":"","18":"first","19":"outofstock","20":"shipping-taxable","21":"product-type-variable"},"_links":{"self":[{"href":"https:\/\/ozantep.de\/tr\/wp-json\/wp\/v2\/product\/5287","targetHints":{"allow":["GET"]}}],"collection":[{"href":"https:\/\/ozantep.de\/tr\/wp-json\/wp\/v2\/product"}],"about":[{"href":"https:\/\/ozantep.de\/tr\/wp-json\/wp\/v2\/types\/product"}],"replies":[{"embeddable":true,"href":"https:\/\/ozantep.de\/tr\/wp-json\/wp\/v2\/comments?post=5287"}],"wp:featuredmedia":[{"embeddable":true,"href":"https:\/\/ozantep.de\/tr\/wp-json\/wp\/v2\/media\/5629"}],"wp:attachment":[{"href":"https:\/\/ozantep.de\/tr\/wp-json\/wp\/v2\/media?parent=5287"}],"wp:term":[{"taxonomy":"product_brand","embeddable":true,"href":"https:\/\/ozantep.de\/tr\/wp-json\/wp\/v2\/product_brand?post=5287"},{"taxonomy":"product_cat","embeddable":true,"href":"https:\/\/ozantep.de\/tr\/wp-json\/wp\/v2\/product_cat?post=5287"},{"taxonomy":"product_tag","embeddable":true,"href":"https:\/\/ozantep.de\/tr\/wp-json\/wp\/v2\/product_tag?post=5287"}],"curies":[{"name":"wp","href":"https:\/\/api.w.org\/{rel}","templated":true}]}}