{"id":5292,"date":"2023-02-06T19:21:01","date_gmt":"2023-02-06T19:21:01","guid":{"rendered":"https:\/\/ozantep.de\/?post_type=product&#038;p=5292"},"modified":"2025-02-21T09:59:50","modified_gmt":"2025-02-21T09:59:50","slug":"oz-antep-sonnengetrocknete-zucchini-60-g","status":"publish","type":"product","link":"https:\/\/ozantep.de\/tr\/product\/oz-antep-sonnengetrocknete-zucchini-60-g\/","title":{"rendered":"\u00d6z Antep<br> G\u00fcne\u015f Kurusu Kabak<br> 60 g"},"content":{"rendered":"","protected":false},"excerpt":{"rendered":"<p>Antep usul\u00fc g\u00fcne\u015fte kurutulmu\u015f kabaklar, dolma kabak yap\u0131m\u0131 i\u00e7in idealdir. Kabaklar, zaman\u0131nda toplanarak kurutulduklar\u0131 i\u00e7in geleneksel lezzeti garanti eder. Kuru, karanl\u0131k ve g\u00fcvenli ortamda a\u011fz\u0131 kapal\u0131 bir \u015fekilde saklay\u0131n\u0131z.<\/p>","protected":false},"featured_media":5631,"comment_status":"open","ping_status":"closed","template":"","meta":[],"product_brand":[],"product_cat":[88],"product_tag":[93],"class_list":{"0":"post-5292","1":"product","2":"type-product","3":"status-publish","4":"has-post-thumbnail","6":"product_cat-trockengemuse","7":"product_tag-sonnengetrocknete-zucchini","8":"nt-post-class","9":"","18":"first","19":"outofstock","20":"shipping-taxable","21":"product-type-variable"},"_links":{"self":[{"href":"https:\/\/ozantep.de\/tr\/wp-json\/wp\/v2\/product\/5292","targetHints":{"allow":["GET"]}}],"collection":[{"href":"https:\/\/ozantep.de\/tr\/wp-json\/wp\/v2\/product"}],"about":[{"href":"https:\/\/ozantep.de\/tr\/wp-json\/wp\/v2\/types\/product"}],"replies":[{"embeddable":true,"href":"https:\/\/ozantep.de\/tr\/wp-json\/wp\/v2\/comments?post=5292"}],"wp:featuredmedia":[{"embeddable":true,"href":"https:\/\/ozantep.de\/tr\/wp-json\/wp\/v2\/media\/5631"}],"wp:attachment":[{"href":"https:\/\/ozantep.de\/tr\/wp-json\/wp\/v2\/media?parent=5292"}],"wp:term":[{"taxonomy":"product_brand","embeddable":true,"href":"https:\/\/ozantep.de\/tr\/wp-json\/wp\/v2\/product_brand?post=5292"},{"taxonomy":"product_cat","embeddable":true,"href":"https:\/\/ozantep.de\/tr\/wp-json\/wp\/v2\/product_cat?post=5292"},{"taxonomy":"product_tag","embeddable":true,"href":"https:\/\/ozantep.de\/tr\/wp-json\/wp\/v2\/product_tag?post=5292"}],"curies":[{"name":"wp","href":"https:\/\/api.w.org\/{rel}","templated":true}]}}