{"id":5295,"date":"2023-02-06T19:22:45","date_gmt":"2023-02-06T19:22:45","guid":{"rendered":"https:\/\/ozantep.de\/?post_type=product&#038;p=5295"},"modified":"2023-02-16T11:15:11","modified_gmt":"2023-02-16T11:15:11","slug":"oz-antep-sonnengetrocknete-auberginen-50-g","status":"publish","type":"product","link":"https:\/\/ozantep.de\/tr\/product\/oz-antep-sonnengetrocknete-auberginen-50-g\/","title":{"rendered":"\u00d6z Antep<br> Kurutulmu\u015f Patl\u0131can<br> 50 g"},"content":{"rendered":"","protected":false},"excerpt":{"rendered":"<p>Antep usul\u00fc g\u00fcne\u015fte kurutulmu\u015f patl\u0131canlar, dolma patl\u0131can yap\u0131m\u0131 i\u00e7in idealdir. Patl\u0131canlar, zaman\u0131nda toplanarak kurutulduklar\u0131 i\u00e7in geleneksel lezzeti garanti eder. Kuru, karanl\u0131k ve g\u00fcvenli ortamda a\u011fz\u0131 kapal\u0131 bir \u015fekilde saklay\u0131n\u0131z.<\/p>","protected":false},"featured_media":5726,"comment_status":"open","ping_status":"closed","template":"","meta":[],"product_brand":[],"product_cat":[88],"product_tag":[92],"class_list":{"0":"post-5295","1":"product","2":"type-product","3":"status-publish","4":"has-post-thumbnail","6":"product_cat-trockengemuse","7":"product_tag-sonnengetrocknete-auberginen","8":"nt-post-class","9":"","18":"first","19":"outofstock","20":"shipping-taxable","21":"product-type-variable"},"_links":{"self":[{"href":"https:\/\/ozantep.de\/tr\/wp-json\/wp\/v2\/product\/5295","targetHints":{"allow":["GET"]}}],"collection":[{"href":"https:\/\/ozantep.de\/tr\/wp-json\/wp\/v2\/product"}],"about":[{"href":"https:\/\/ozantep.de\/tr\/wp-json\/wp\/v2\/types\/product"}],"replies":[{"embeddable":true,"href":"https:\/\/ozantep.de\/tr\/wp-json\/wp\/v2\/comments?post=5295"}],"wp:featuredmedia":[{"embeddable":true,"href":"https:\/\/ozantep.de\/tr\/wp-json\/wp\/v2\/media\/5726"}],"wp:attachment":[{"href":"https:\/\/ozantep.de\/tr\/wp-json\/wp\/v2\/media?parent=5295"}],"wp:term":[{"taxonomy":"product_brand","embeddable":true,"href":"https:\/\/ozantep.de\/tr\/wp-json\/wp\/v2\/product_brand?post=5295"},{"taxonomy":"product_cat","embeddable":true,"href":"https:\/\/ozantep.de\/tr\/wp-json\/wp\/v2\/product_cat?post=5295"},{"taxonomy":"product_tag","embeddable":true,"href":"https:\/\/ozantep.de\/tr\/wp-json\/wp\/v2\/product_tag?post=5295"}],"curies":[{"name":"wp","href":"https:\/\/api.w.org\/{rel}","templated":true}]}}