{"id":5298,"date":"2023-02-06T19:28:42","date_gmt":"2023-02-06T19:28:42","guid":{"rendered":"https:\/\/ozantep.de\/?post_type=product&#038;p=5298"},"modified":"2023-02-21T07:59:00","modified_gmt":"2023-02-21T07:59:00","slug":"oz-antep-zitronensaure-800-g","status":"publish","type":"product","link":"https:\/\/ozantep.de\/tr\/product\/oz-antep-zitronensaure-800-g\/","title":{"rendered":"\u00d6z Antep<br> Limon Tuzu Toz<br> 800 g"},"content":{"rendered":"","protected":false},"excerpt":{"rendered":"<p>Limon tuzu bir\u00e7ok yemek tarifinde kullan\u0131lmas\u0131 sebebiyle mutfaklarda \u00f6nemli bir yard\u0131mc\u0131d\u0131r. \u00d6zellikle yemeklere ek\u015fimsi bir tat vermek gerekti\u011finde ideal bir besin malzemesidir. \nL\u00fctfen serin ve kuru bir ortamda saklay\u0131n\u0131z.<\/p>","protected":false},"featured_media":5955,"comment_status":"open","ping_status":"closed","template":"","meta":[],"product_brand":[],"product_cat":[78],"product_tag":[91],"class_list":{"0":"post-5298","1":"product","2":"type-product","3":"status-publish","4":"has-post-thumbnail","6":"product_cat-gewurze","7":"product_tag-zitronensaure","8":"nt-post-class","9":"","18":"first","19":"outofstock","20":"shipping-taxable","21":"product-type-variable"},"_links":{"self":[{"href":"https:\/\/ozantep.de\/tr\/wp-json\/wp\/v2\/product\/5298","targetHints":{"allow":["GET"]}}],"collection":[{"href":"https:\/\/ozantep.de\/tr\/wp-json\/wp\/v2\/product"}],"about":[{"href":"https:\/\/ozantep.de\/tr\/wp-json\/wp\/v2\/types\/product"}],"replies":[{"embeddable":true,"href":"https:\/\/ozantep.de\/tr\/wp-json\/wp\/v2\/comments?post=5298"}],"wp:featuredmedia":[{"embeddable":true,"href":"https:\/\/ozantep.de\/tr\/wp-json\/wp\/v2\/media\/5955"}],"wp:attachment":[{"href":"https:\/\/ozantep.de\/tr\/wp-json\/wp\/v2\/media?parent=5298"}],"wp:term":[{"taxonomy":"product_brand","embeddable":true,"href":"https:\/\/ozantep.de\/tr\/wp-json\/wp\/v2\/product_brand?post=5298"},{"taxonomy":"product_cat","embeddable":true,"href":"https:\/\/ozantep.de\/tr\/wp-json\/wp\/v2\/product_cat?post=5298"},{"taxonomy":"product_tag","embeddable":true,"href":"https:\/\/ozantep.de\/tr\/wp-json\/wp\/v2\/product_tag?post=5298"}],"curies":[{"name":"wp","href":"https:\/\/api.w.org\/{rel}","templated":true}]}}