{"id":5301,"date":"2023-02-06T19:49:01","date_gmt":"2023-02-06T19:49:01","guid":{"rendered":"https:\/\/ozantep.de\/?post_type=product&#038;p=5301"},"modified":"2023-02-21T07:58:25","modified_gmt":"2023-02-21T07:58:25","slug":"oz-antep-natriumhydrogencarbonat-800-g","status":"publish","type":"product","link":"https:\/\/ozantep.de\/tr\/product\/oz-antep-natriumhydrogencarbonat-800-g\/","title":{"rendered":"\u00d6z Antep<br> Karbonat<br> 800 g"},"content":{"rendered":"","protected":false},"excerpt":{"rendered":"<p>Karbonat, bir\u00e7ok yemek tarifinde kullan\u0131lan ve mutfakta i\u015fimizi kolayla\u015ft\u0131ran \u00f6nemli bir yard\u0131mc\u0131d\u0131r. Bu malzeme, \u00f6zellikle hamuri\u015fi yemeklerinin lezzetinin artt\u0131r\u0131lmas\u0131nda ve belli yemeklerdeki pH de\u011ferinin d\u00fczenlenmesinde \u00f6nemli rol oynar. \nL\u00fctfen serin ve kuru bir ortamda saklay\u0131n\u0131z.<\/p>","protected":false},"featured_media":5954,"comment_status":"open","ping_status":"closed","template":"","meta":[],"product_brand":[],"product_cat":[78],"product_tag":[91],"class_list":{"0":"post-5301","1":"product","2":"type-product","3":"status-publish","4":"has-post-thumbnail","6":"product_cat-gewurze","7":"product_tag-zitronensaure","8":"nt-post-class","9":"","18":"first","19":"outofstock","20":"shipping-taxable","21":"product-type-variable"},"_links":{"self":[{"href":"https:\/\/ozantep.de\/tr\/wp-json\/wp\/v2\/product\/5301","targetHints":{"allow":["GET"]}}],"collection":[{"href":"https:\/\/ozantep.de\/tr\/wp-json\/wp\/v2\/product"}],"about":[{"href":"https:\/\/ozantep.de\/tr\/wp-json\/wp\/v2\/types\/product"}],"replies":[{"embeddable":true,"href":"https:\/\/ozantep.de\/tr\/wp-json\/wp\/v2\/comments?post=5301"}],"wp:featuredmedia":[{"embeddable":true,"href":"https:\/\/ozantep.de\/tr\/wp-json\/wp\/v2\/media\/5954"}],"wp:attachment":[{"href":"https:\/\/ozantep.de\/tr\/wp-json\/wp\/v2\/media?parent=5301"}],"wp:term":[{"taxonomy":"product_brand","embeddable":true,"href":"https:\/\/ozantep.de\/tr\/wp-json\/wp\/v2\/product_brand?post=5301"},{"taxonomy":"product_cat","embeddable":true,"href":"https:\/\/ozantep.de\/tr\/wp-json\/wp\/v2\/product_cat?post=5301"},{"taxonomy":"product_tag","embeddable":true,"href":"https:\/\/ozantep.de\/tr\/wp-json\/wp\/v2\/product_tag?post=5301"}],"curies":[{"name":"wp","href":"https:\/\/api.w.org\/{rel}","templated":true}]}}