{"id":5305,"date":"2023-02-06T20:06:49","date_gmt":"2023-02-06T20:06:49","guid":{"rendered":"https:\/\/ozantep.de\/?post_type=product&#038;p=5305"},"modified":"2023-02-28T21:10:38","modified_gmt":"2023-02-28T21:10:38","slug":"oz-antep-koriander-400-g","status":"publish","type":"product","link":"https:\/\/ozantep.de\/tr\/product\/oz-antep-koriander-400-g\/","title":{"rendered":"\u00d6z Antep<br> Ki\u015fni\u015f Toz<br> 400 g"},"content":{"rendered":"","protected":false},"excerpt":{"rendered":"<p>Ki\u015fni\u015f, T\u00fcrk mutfa\u011f\u0131 i\u00e7in \u00f6nemli bir baharatt\u0131r. Taze, narenciyeyi and\u0131ran bir tad\u0131 vard\u0131r ve \u00f6zellikle \u00e7orbalar, soslar, baharat kar\u0131\u015f\u0131mlar\u0131 ve marine edilmi\u015f etlerin lezzetini art\u0131rmak i\u00e7in \u00e7ok uygundur. L\u00fctfen serin ve kuru bir ortamda saklay\u0131n\u0131z.<\/p>","protected":false},"featured_media":5953,"comment_status":"open","ping_status":"closed","template":"","meta":[],"product_brand":[],"product_cat":[78],"product_tag":[94],"class_list":{"0":"post-5305","1":"product","2":"type-product","3":"status-publish","4":"has-post-thumbnail","6":"product_cat-gewurze","7":"product_tag-koriander","8":"nt-post-class","9":"","18":"first","19":"outofstock","20":"shipping-taxable","21":"product-type-variable"},"_links":{"self":[{"href":"https:\/\/ozantep.de\/tr\/wp-json\/wp\/v2\/product\/5305","targetHints":{"allow":["GET"]}}],"collection":[{"href":"https:\/\/ozantep.de\/tr\/wp-json\/wp\/v2\/product"}],"about":[{"href":"https:\/\/ozantep.de\/tr\/wp-json\/wp\/v2\/types\/product"}],"replies":[{"embeddable":true,"href":"https:\/\/ozantep.de\/tr\/wp-json\/wp\/v2\/comments?post=5305"}],"wp:featuredmedia":[{"embeddable":true,"href":"https:\/\/ozantep.de\/tr\/wp-json\/wp\/v2\/media\/5953"}],"wp:attachment":[{"href":"https:\/\/ozantep.de\/tr\/wp-json\/wp\/v2\/media?parent=5305"}],"wp:term":[{"taxonomy":"product_brand","embeddable":true,"href":"https:\/\/ozantep.de\/tr\/wp-json\/wp\/v2\/product_brand?post=5305"},{"taxonomy":"product_cat","embeddable":true,"href":"https:\/\/ozantep.de\/tr\/wp-json\/wp\/v2\/product_cat?post=5305"},{"taxonomy":"product_tag","embeddable":true,"href":"https:\/\/ozantep.de\/tr\/wp-json\/wp\/v2\/product_tag?post=5305"}],"curies":[{"name":"wp","href":"https:\/\/api.w.org\/{rel}","templated":true}]}}