{"id":5308,"date":"2023-02-06T20:12:27","date_gmt":"2023-02-06T20:12:27","guid":{"rendered":"https:\/\/ozantep.de\/?post_type=product&#038;p=5308"},"modified":"2023-02-21T07:40:27","modified_gmt":"2023-02-21T07:40:27","slug":"oz-antep-kurkuma-gemahlen-400-g","status":"publish","type":"product","link":"https:\/\/ozantep.de\/tr\/product\/oz-antep-kurkuma-gemahlen-400-g\/","title":{"rendered":"\u00d6z Antep<br> Zerde\u00e7al Toz<br> 400 g"},"content":{"rendered":"","protected":false},"excerpt":{"rendered":"<p>Zerde\u00e7al, kendine has hafif ac\u0131 ve baharatl\u0131 bir tad\u0131 olan \u00e7ok y\u00f6nl\u00fc bir baharatt\u0131r. Bu baharat \u00f6zellikle \u00e7orbalara, t\u00fcrl\u00fc yemeklerine, i\u00e7ine k\u00f6ri kat\u0131labilen yemeklere ve pirin\u00e7li yemeklere pek yak\u0131\u015f\u0131r.\nL\u00fctfen serin ve kuru bir ortamda saklay\u0131n\u0131z.<\/p>","protected":false},"featured_media":5952,"comment_status":"open","ping_status":"closed","template":"","meta":[],"product_brand":[],"product_cat":[78],"product_tag":[95],"class_list":{"0":"post-5308","1":"product","2":"type-product","3":"status-publish","4":"has-post-thumbnail","6":"product_cat-gewurze","7":"product_tag-kurkuma-gemahlen","8":"nt-post-class","9":"","18":"first","19":"outofstock","20":"shipping-taxable","21":"product-type-variable"},"_links":{"self":[{"href":"https:\/\/ozantep.de\/tr\/wp-json\/wp\/v2\/product\/5308","targetHints":{"allow":["GET"]}}],"collection":[{"href":"https:\/\/ozantep.de\/tr\/wp-json\/wp\/v2\/product"}],"about":[{"href":"https:\/\/ozantep.de\/tr\/wp-json\/wp\/v2\/types\/product"}],"replies":[{"embeddable":true,"href":"https:\/\/ozantep.de\/tr\/wp-json\/wp\/v2\/comments?post=5308"}],"wp:featuredmedia":[{"embeddable":true,"href":"https:\/\/ozantep.de\/tr\/wp-json\/wp\/v2\/media\/5952"}],"wp:attachment":[{"href":"https:\/\/ozantep.de\/tr\/wp-json\/wp\/v2\/media?parent=5308"}],"wp:term":[{"taxonomy":"product_brand","embeddable":true,"href":"https:\/\/ozantep.de\/tr\/wp-json\/wp\/v2\/product_brand?post=5308"},{"taxonomy":"product_cat","embeddable":true,"href":"https:\/\/ozantep.de\/tr\/wp-json\/wp\/v2\/product_cat?post=5308"},{"taxonomy":"product_tag","embeddable":true,"href":"https:\/\/ozantep.de\/tr\/wp-json\/wp\/v2\/product_tag?post=5308"}],"curies":[{"name":"wp","href":"https:\/\/api.w.org\/{rel}","templated":true}]}}