{"id":5311,"date":"2023-02-06T21:27:37","date_gmt":"2023-02-06T21:27:37","guid":{"rendered":"https:\/\/ozantep.de\/?post_type=product&#038;p=5311"},"modified":"2023-02-21T07:40:04","modified_gmt":"2023-02-21T07:40:04","slug":"oz-antep-isot-chili-paprika-gewurzzubereitung-geschrotet-scharf-400-g","status":"publish","type":"product","link":"https:\/\/ozantep.de\/tr\/product\/oz-antep-isot-chili-paprika-gewurzzubereitung-geschrotet-scharf-400-g\/","title":{"rendered":"\u00d6z Antep<br> \u0130sot Biber<br> 400 g"},"content":{"rendered":"","protected":false},"excerpt":{"rendered":"<p>Urfa Biberi olarak da bilinen \u0130sot Biber, ac\u0131 biber, pamuk ya\u011f\u0131 ve tuz kar\u0131\u015f\u0131m\u0131ndan gelde edilmektedir ve kuru \u00fcz\u00fcm kokusuna ve eksi bir tada sahiptir. Yedik\u00e7e yava\u015f yava\u015f ac\u0131l\u0131\u011f\u0131n\u0131 hissettiren bu baharat, geleneksel olarak t\u00fcrl\u00fc tarz\u0131ndaki yemeklerde ve tur\u015fularda kullan\u0131l\u0131r.  L\u00fctfen serin ve kuru bir ortamda saklay\u0131n\u0131z.<\/p>","protected":false},"featured_media":5951,"comment_status":"open","ping_status":"closed","template":"","meta":[],"product_brand":[],"product_cat":[78],"product_tag":[96],"class_list":{"0":"post-5311","1":"product","2":"type-product","3":"status-publish","4":"has-post-thumbnail","6":"product_cat-gewurze","7":"product_tag-isot-chili-paprika-gewurzzubereitung-geschrotet-scharf","8":"nt-post-class","9":"","18":"first","19":"outofstock","20":"shipping-taxable","21":"product-type-variable"},"_links":{"self":[{"href":"https:\/\/ozantep.de\/tr\/wp-json\/wp\/v2\/product\/5311","targetHints":{"allow":["GET"]}}],"collection":[{"href":"https:\/\/ozantep.de\/tr\/wp-json\/wp\/v2\/product"}],"about":[{"href":"https:\/\/ozantep.de\/tr\/wp-json\/wp\/v2\/types\/product"}],"replies":[{"embeddable":true,"href":"https:\/\/ozantep.de\/tr\/wp-json\/wp\/v2\/comments?post=5311"}],"wp:featuredmedia":[{"embeddable":true,"href":"https:\/\/ozantep.de\/tr\/wp-json\/wp\/v2\/media\/5951"}],"wp:attachment":[{"href":"https:\/\/ozantep.de\/tr\/wp-json\/wp\/v2\/media?parent=5311"}],"wp:term":[{"taxonomy":"product_brand","embeddable":true,"href":"https:\/\/ozantep.de\/tr\/wp-json\/wp\/v2\/product_brand?post=5311"},{"taxonomy":"product_cat","embeddable":true,"href":"https:\/\/ozantep.de\/tr\/wp-json\/wp\/v2\/product_cat?post=5311"},{"taxonomy":"product_tag","embeddable":true,"href":"https:\/\/ozantep.de\/tr\/wp-json\/wp\/v2\/product_tag?post=5311"}],"curies":[{"name":"wp","href":"https:\/\/api.w.org\/{rel}","templated":true}]}}