{"id":5314,"date":"2023-02-06T21:32:21","date_gmt":"2023-02-06T21:32:21","guid":{"rendered":"https:\/\/ozantep.de\/?post_type=product&#038;p=5314"},"modified":"2023-02-21T07:39:15","modified_gmt":"2023-02-21T07:39:15","slug":"oz-antep-schwarzkummel-400-g","status":"publish","type":"product","link":"https:\/\/ozantep.de\/tr\/product\/oz-antep-schwarzkummel-400-g\/","title":{"rendered":"\u00d6z Antep<br> \u00c7\u00f6rek Otu<br> 400 g"},"content":{"rendered":"","protected":false},"excerpt":{"rendered":"<p>\u00c7\u00f6rekotu, d\u00fcnya \u00e7ap\u0131nda bir\u00e7ok \u00fclke mutfa\u011f\u0131nda kullan\u0131lan \u00e7ok y\u00f6nl\u00fc bir baharatt\u0131r. Bu baharat, \u00f6zellikle hamuri\u015fi yemeklerin yan\u0131 s\u0131ra bal\u0131k ve tavuk etinden yap\u0131lan yemeklerde de s\u0131kl\u0131kla kullan\u0131l\u0131r. Bu baharat yine geleneksel yemeklerde de vazge\u00e7ilmezdir. \nL\u00fctfen serin ve kuru bir ortamda saklay\u0131n\u0131z.<\/p>","protected":false},"featured_media":5950,"comment_status":"open","ping_status":"closed","template":"","meta":[],"product_brand":[],"product_cat":[78],"product_tag":[97],"class_list":{"0":"post-5314","1":"product","2":"type-product","3":"status-publish","4":"has-post-thumbnail","6":"product_cat-gewurze","7":"product_tag-schwarzkummel","8":"nt-post-class","9":"","18":"first","19":"outofstock","20":"shipping-taxable","21":"product-type-variable"},"_links":{"self":[{"href":"https:\/\/ozantep.de\/tr\/wp-json\/wp\/v2\/product\/5314","targetHints":{"allow":["GET"]}}],"collection":[{"href":"https:\/\/ozantep.de\/tr\/wp-json\/wp\/v2\/product"}],"about":[{"href":"https:\/\/ozantep.de\/tr\/wp-json\/wp\/v2\/types\/product"}],"replies":[{"embeddable":true,"href":"https:\/\/ozantep.de\/tr\/wp-json\/wp\/v2\/comments?post=5314"}],"wp:featuredmedia":[{"embeddable":true,"href":"https:\/\/ozantep.de\/tr\/wp-json\/wp\/v2\/media\/5950"}],"wp:attachment":[{"href":"https:\/\/ozantep.de\/tr\/wp-json\/wp\/v2\/media?parent=5314"}],"wp:term":[{"taxonomy":"product_brand","embeddable":true,"href":"https:\/\/ozantep.de\/tr\/wp-json\/wp\/v2\/product_brand?post=5314"},{"taxonomy":"product_cat","embeddable":true,"href":"https:\/\/ozantep.de\/tr\/wp-json\/wp\/v2\/product_cat?post=5314"},{"taxonomy":"product_tag","embeddable":true,"href":"https:\/\/ozantep.de\/tr\/wp-json\/wp\/v2\/product_tag?post=5314"}],"curies":[{"name":"wp","href":"https:\/\/api.w.org\/{rel}","templated":true}]}}