{"id":5316,"date":"2023-02-06T21:37:28","date_gmt":"2023-02-06T21:37:28","guid":{"rendered":"https:\/\/ozantep.de\/?post_type=product&#038;p=5316"},"modified":"2023-02-21T07:38:28","modified_gmt":"2023-02-21T07:38:28","slug":"oz-antep-hahnchengewurz-400-g","status":"publish","type":"product","link":"https:\/\/ozantep.de\/tr\/product\/oz-antep-hahnchengewurz-400-g\/","title":{"rendered":"\u00d6z Antep<br> Tavuk Baharat\u0131<br> 400 g"},"content":{"rendered":"","protected":false},"excerpt":{"rendered":"<p>Tavuk eti pi\u015firmek i\u00e7in kullan\u0131lan bu \u00f6zel baharat kar\u0131\u015f\u0131m\u0131 90 gram a\u011f\u0131rl\u0131\u011f\u0131ndad\u0131r ve i\u00e7erisinde galeta unu (bu\u011fday unu), pul biber (ac\u0131 ve tatl\u0131), Sar\u0131msak tozu, k\u00f6ri ve tuz bulunur. \nL\u00fctfen serin ve kuru bir ortamda saklay\u0131n\u0131z.<\/p>","protected":false},"featured_media":5948,"comment_status":"open","ping_status":"closed","template":"","meta":[],"product_brand":[],"product_cat":[78],"product_tag":[98],"class_list":{"0":"post-5316","1":"product","2":"type-product","3":"status-publish","4":"has-post-thumbnail","6":"product_cat-gewurze","7":"product_tag-hahnchengewurz","8":"nt-post-class","9":"","18":"first","19":"outofstock","20":"shipping-taxable","21":"product-type-variable"},"_links":{"self":[{"href":"https:\/\/ozantep.de\/tr\/wp-json\/wp\/v2\/product\/5316","targetHints":{"allow":["GET"]}}],"collection":[{"href":"https:\/\/ozantep.de\/tr\/wp-json\/wp\/v2\/product"}],"about":[{"href":"https:\/\/ozantep.de\/tr\/wp-json\/wp\/v2\/types\/product"}],"replies":[{"embeddable":true,"href":"https:\/\/ozantep.de\/tr\/wp-json\/wp\/v2\/comments?post=5316"}],"wp:featuredmedia":[{"embeddable":true,"href":"https:\/\/ozantep.de\/tr\/wp-json\/wp\/v2\/media\/5948"}],"wp:attachment":[{"href":"https:\/\/ozantep.de\/tr\/wp-json\/wp\/v2\/media?parent=5316"}],"wp:term":[{"taxonomy":"product_brand","embeddable":true,"href":"https:\/\/ozantep.de\/tr\/wp-json\/wp\/v2\/product_brand?post=5316"},{"taxonomy":"product_cat","embeddable":true,"href":"https:\/\/ozantep.de\/tr\/wp-json\/wp\/v2\/product_cat?post=5316"},{"taxonomy":"product_tag","embeddable":true,"href":"https:\/\/ozantep.de\/tr\/wp-json\/wp\/v2\/product_tag?post=5316"}],"curies":[{"name":"wp","href":"https:\/\/api.w.org\/{rel}","templated":true}]}}