{"id":5324,"date":"2023-02-06T21:50:44","date_gmt":"2023-02-06T21:50:44","guid":{"rendered":"https:\/\/ozantep.de\/?post_type=product&#038;p=5324"},"modified":"2023-03-03T08:18:19","modified_gmt":"2023-03-03T08:18:19","slug":"oz-antep-nar-eksisi-700-ml","status":"publish","type":"product","link":"https:\/\/ozantep.de\/tr\/product\/oz-antep-nar-eksisi-700-ml\/","title":{"rendered":"\u00d6z Antep<br> Nar Ek\u015fili Sos<br> 700ml"},"content":{"rendered":"","protected":false},"excerpt":{"rendered":"<p>Nar ek\u015fili sos, konsantre nar suyundan yap\u0131lan bir \u00e7e\u015fnidir. Bu \u015furup esas olarak bal\u0131k ve et yemeklerinde hafif ek\u015fi bir tat vermek i\u00e7in kullan\u0131l\u0131r. Salatalarda sirke i\u00e7in ideal bir alternatiftir.<\/p>","protected":false},"featured_media":5325,"comment_status":"open","ping_status":"closed","template":"","meta":[],"product_brand":[],"product_cat":[100],"product_tag":[101],"class_list":{"0":"post-5324","1":"product","2":"type-product","3":"status-publish","4":"has-post-thumbnail","6":"product_cat-granatapfelsirup","7":"product_tag-granatapfelsirup","8":"nt-post-class","9":"","18":"first","19":"outofstock","20":"shipping-taxable","21":"product-type-variable"},"_links":{"self":[{"href":"https:\/\/ozantep.de\/tr\/wp-json\/wp\/v2\/product\/5324","targetHints":{"allow":["GET"]}}],"collection":[{"href":"https:\/\/ozantep.de\/tr\/wp-json\/wp\/v2\/product"}],"about":[{"href":"https:\/\/ozantep.de\/tr\/wp-json\/wp\/v2\/types\/product"}],"replies":[{"embeddable":true,"href":"https:\/\/ozantep.de\/tr\/wp-json\/wp\/v2\/comments?post=5324"}],"wp:featuredmedia":[{"embeddable":true,"href":"https:\/\/ozantep.de\/tr\/wp-json\/wp\/v2\/media\/5325"}],"wp:attachment":[{"href":"https:\/\/ozantep.de\/tr\/wp-json\/wp\/v2\/media?parent=5324"}],"wp:term":[{"taxonomy":"product_brand","embeddable":true,"href":"https:\/\/ozantep.de\/tr\/wp-json\/wp\/v2\/product_brand?post=5324"},{"taxonomy":"product_cat","embeddable":true,"href":"https:\/\/ozantep.de\/tr\/wp-json\/wp\/v2\/product_cat?post=5324"},{"taxonomy":"product_tag","embeddable":true,"href":"https:\/\/ozantep.de\/tr\/wp-json\/wp\/v2\/product_tag?post=5324"}],"curies":[{"name":"wp","href":"https:\/\/api.w.org\/{rel}","templated":true}]}}